{"id":502,"date":"2015-12-03T17:41:39","date_gmt":"2015-12-03T17:41:39","guid":{"rendered":"http:\/\/www.mayfra.es\/pro\/?page_id=502"},"modified":"2015-12-03T17:41:39","modified_gmt":"2015-12-03T17:41:39","slug":"filtro-para-salas-ordeno","status":"publish","type":"page","link":"https:\/\/www.mayfra.es\/pro\/filtro-para-salas-ordeno\/","title":{"rendered":"Filtro para salas Orde\u00f1o"},"content":{"rendered":"<p>Filtro para salas Orde\u00f1o de ovino, caprino y vacuno<br \/>\nDisponemos de un amplio cat\u00e1logo de Accesorios y Filtros para salas Orde\u00f1o de ovino, caprino y vacuno as\u00ed como todos sus repuestos, <span style=\"color: #ff0000;\"><a href=\"http:\/\/www.mayfra.es\/CATALOGO_MAYFRA.pdf\" target=\"_blank\">consulte nuestro cat\u00e1logo.<\/a><\/span><br \/>\n<a href=\"http:\/\/www.mayfra.es\/pro\/wp-content\/uploads\/2015\/12\/filtros_para_salas_77_02.jpg\" rel=\"lightbox[502]\"><img decoding=\"async\" loading=\"lazy\" class=\"alignnone size-full wp-image-503\" src=\"http:\/\/www.mayfra.es\/pro\/wp-content\/uploads\/2015\/12\/filtros_para_salas_77_02.jpg\" alt=\"filtros_para_salas_77_02\" width=\"1280\" height=\"1055\" srcset=\"https:\/\/www.mayfra.es\/pro\/wp-content\/uploads\/2015\/12\/filtros_para_salas_77_02.jpg 1280w, https:\/\/www.mayfra.es\/pro\/wp-content\/uploads\/2015\/12\/filtros_para_salas_77_02-300x247.jpg 300w, https:\/\/www.mayfra.es\/pro\/wp-content\/uploads\/2015\/12\/filtros_para_salas_77_02-1024x844.jpg 1024w, https:\/\/www.mayfra.es\/pro\/wp-content\/uploads\/2015\/12\/filtros_para_salas_77_02-676x557.jpg 676w\" sizes=\"(max-width: 1280px) 100vw, 1280px\" \/><\/a> <a href=\"http:\/\/www.mayfra.es\/pro\/wp-content\/uploads\/2015\/12\/filtros_para_salas_77_03.jpg\" rel=\"lightbox[502]\"><img decoding=\"async\" loading=\"lazy\" class=\"alignnone size-full wp-image-504\" src=\"http:\/\/www.mayfra.es\/pro\/wp-content\/uploads\/2015\/12\/filtros_para_salas_77_03.jpg\" alt=\"filtros_para_salas_77_03\" width=\"1280\" height=\"222\" srcset=\"https:\/\/www.mayfra.es\/pro\/wp-content\/uploads\/2015\/12\/filtros_para_salas_77_03.jpg 1280w, https:\/\/www.mayfra.es\/pro\/wp-content\/uploads\/2015\/12\/filtros_para_salas_77_03-300x52.jpg 300w, https:\/\/www.mayfra.es\/pro\/wp-content\/uploads\/2015\/12\/filtros_para_salas_77_03-1024x178.jpg 1024w, https:\/\/www.mayfra.es\/pro\/wp-content\/uploads\/2015\/12\/filtros_para_salas_77_03-676x117.jpg 676w\" sizes=\"(max-width: 1280px) 100vw, 1280px\" \/><\/a> <a href=\"http:\/\/www.mayfra.es\/pro\/wp-content\/uploads\/2015\/12\/filtros_para_salas_78_02.jpg\" rel=\"lightbox[502]\"><img decoding=\"async\" loading=\"lazy\" class=\"alignnone size-full wp-image-505\" src=\"http:\/\/www.mayfra.es\/pro\/wp-content\/uploads\/2015\/12\/filtros_para_salas_78_02.jpg\" alt=\"filtros_para_salas_78_02\" width=\"1280\" height=\"450\" srcset=\"https:\/\/www.mayfra.es\/pro\/wp-content\/uploads\/2015\/12\/filtros_para_salas_78_02.jpg 1280w, https:\/\/www.mayfra.es\/pro\/wp-content\/uploads\/2015\/12\/filtros_para_salas_78_02-300x105.jpg 300w, https:\/\/www.mayfra.es\/pro\/wp-content\/uploads\/2015\/12\/filtros_para_salas_78_02-1024x360.jpg 1024w, https:\/\/www.mayfra.es\/pro\/wp-content\/uploads\/2015\/12\/filtros_para_salas_78_02-676x238.jpg 676w\" sizes=\"(max-width: 1280px) 100vw, 1280px\" \/><\/a> <a href=\"http:\/\/www.mayfra.es\/pro\/wp-content\/uploads\/2015\/12\/filtros_para_salas_78_04.jpg\" rel=\"lightbox[502]\"><img decoding=\"async\" loading=\"lazy\" class=\"alignnone size-full wp-image-506\" src=\"http:\/\/www.mayfra.es\/pro\/wp-content\/uploads\/2015\/12\/filtros_para_salas_78_04.jpg\" alt=\"filtros_para_salas_78_04\" width=\"1280\" height=\"196\" srcset=\"https:\/\/www.mayfra.es\/pro\/wp-content\/uploads\/2015\/12\/filtros_para_salas_78_04.jpg 1280w, https:\/\/www.mayfra.es\/pro\/wp-content\/uploads\/2015\/12\/filtros_para_salas_78_04-300x46.jpg 300w, https:\/\/www.mayfra.es\/pro\/wp-content\/uploads\/2015\/12\/filtros_para_salas_78_04-1024x157.jpg 1024w, https:\/\/www.mayfra.es\/pro\/wp-content\/uploads\/2015\/12\/filtros_para_salas_78_04-676x104.jpg 676w\" sizes=\"(max-width: 1280px) 100vw, 1280px\" \/><\/a> <a href=\"http:\/\/www.mayfra.es\/pro\/wp-content\/uploads\/2015\/12\/filtros_para_salas_78_06.jpg\" rel=\"lightbox[502]\"><img decoding=\"async\" loading=\"lazy\" class=\"alignnone size-full wp-image-507\" src=\"http:\/\/www.mayfra.es\/pro\/wp-content\/uploads\/2015\/12\/filtros_para_salas_78_06.jpg\" alt=\"filtros_para_salas_78_06\" width=\"1280\" height=\"200\" srcset=\"https:\/\/www.mayfra.es\/pro\/wp-content\/uploads\/2015\/12\/filtros_para_salas_78_06.jpg 1280w, https:\/\/www.mayfra.es\/pro\/wp-content\/uploads\/2015\/12\/filtros_para_salas_78_06-300x47.jpg 300w, https:\/\/www.mayfra.es\/pro\/wp-content\/uploads\/2015\/12\/filtros_para_salas_78_06-1024x160.jpg 1024w, https:\/\/www.mayfra.es\/pro\/wp-content\/uploads\/2015\/12\/filtros_para_salas_78_06-676x106.jpg 676w\" sizes=\"(max-width: 1280px) 100vw, 1280px\" \/><\/a> <a href=\"http:\/\/www.mayfra.es\/pro\/wp-content\/uploads\/2015\/12\/filtros_para_salas_78_08.jpg\" rel=\"lightbox[502]\"><img decoding=\"async\" loading=\"lazy\" class=\"alignnone size-full wp-image-508\" src=\"http:\/\/www.mayfra.es\/pro\/wp-content\/uploads\/2015\/12\/filtros_para_salas_78_08.jpg\" alt=\"filtros_para_salas_78_08\" width=\"1280\" height=\"182\" srcset=\"https:\/\/www.mayfra.es\/pro\/wp-content\/uploads\/2015\/12\/filtros_para_salas_78_08.jpg 1280w, https:\/\/www.mayfra.es\/pro\/wp-content\/uploads\/2015\/12\/filtros_para_salas_78_08-300x43.jpg 300w, https:\/\/www.mayfra.es\/pro\/wp-content\/uploads\/2015\/12\/filtros_para_salas_78_08-1024x146.jpg 1024w, https:\/\/www.mayfra.es\/pro\/wp-content\/uploads\/2015\/12\/filtros_para_salas_78_08-676x96.jpg 676w\" sizes=\"(max-width: 1280px) 100vw, 1280px\" \/><\/a> <a href=\"http:\/\/www.mayfra.es\/pro\/wp-content\/uploads\/2015\/12\/filtros_para_salas_78_10.jpg\" rel=\"lightbox[502]\"><img decoding=\"async\" loading=\"lazy\" class=\"alignnone size-full wp-image-509\" src=\"http:\/\/www.mayfra.es\/pro\/wp-content\/uploads\/2015\/12\/filtros_para_salas_78_10.jpg\" alt=\"filtros_para_salas_78_10\" width=\"1280\" height=\"200\" srcset=\"https:\/\/www.mayfra.es\/pro\/wp-content\/uploads\/2015\/12\/filtros_para_salas_78_10.jpg 1280w, https:\/\/www.mayfra.es\/pro\/wp-content\/uploads\/2015\/12\/filtros_para_salas_78_10-300x47.jpg 300w, https:\/\/www.mayfra.es\/pro\/wp-content\/uploads\/2015\/12\/filtros_para_salas_78_10-1024x160.jpg 1024w, https:\/\/www.mayfra.es\/pro\/wp-content\/uploads\/2015\/12\/filtros_para_salas_78_10-676x106.jpg 676w\" sizes=\"(max-width: 1280px) 100vw, 1280px\" \/><\/a> <a href=\"http:\/\/www.mayfra.es\/pro\/wp-content\/uploads\/2015\/12\/filtros_para_salas_78_12.jpg\" rel=\"lightbox[502]\"><img decoding=\"async\" loading=\"lazy\" class=\"alignnone size-full wp-image-510\" src=\"http:\/\/www.mayfra.es\/pro\/wp-content\/uploads\/2015\/12\/filtros_para_salas_78_12.jpg\" alt=\"filtros_para_salas_78_12\" width=\"1280\" height=\"212\" srcset=\"https:\/\/www.mayfra.es\/pro\/wp-content\/uploads\/2015\/12\/filtros_para_salas_78_12.jpg 1280w, https:\/\/www.mayfra.es\/pro\/wp-content\/uploads\/2015\/12\/filtros_para_salas_78_12-300x50.jpg 300w, https:\/\/www.mayfra.es\/pro\/wp-content\/uploads\/2015\/12\/filtros_para_salas_78_12-1024x170.jpg 1024w, https:\/\/www.mayfra.es\/pro\/wp-content\/uploads\/2015\/12\/filtros_para_salas_78_12-676x112.jpg 676w\" sizes=\"(max-width: 1280px) 100vw, 1280px\" \/><\/a><\/p>\n","protected":false},"excerpt":{"rendered":"<p>Filtro para salas Orde\u00f1o de ovino, caprino y vacuno Disponemos de un amplio cat\u00e1logo de Accesorios y Filtros para salas Orde\u00f1o de ovino, caprino y vacuno as\u00ed como todos sus repuestos, consulte nuestro cat\u00e1logo.<\/p>\n","protected":false},"author":1,"featured_media":0,"parent":0,"menu_order":0,"comment_status":"closed","ping_status":"closed","template":"","meta":[],"_links":{"self":[{"href":"https:\/\/www.mayfra.es\/pro\/wp-json\/wp\/v2\/pages\/502"}],"collection":[{"href":"https:\/\/www.mayfra.es\/pro\/wp-json\/wp\/v2\/pages"}],"about":[{"href":"https:\/\/www.mayfra.es\/pro\/wp-json\/wp\/v2\/types\/page"}],"author":[{"embeddable":true,"href":"https:\/\/www.mayfra.es\/pro\/wp-json\/wp\/v2\/users\/1"}],"replies":[{"embeddable":true,"href":"https:\/\/www.mayfra.es\/pro\/wp-json\/wp\/v2\/comments?post=502"}],"version-history":[{"count":1,"href":"https:\/\/www.mayfra.es\/pro\/wp-json\/wp\/v2\/pages\/502\/revisions"}],"predecessor-version":[{"id":511,"href":"https:\/\/www.mayfra.es\/pro\/wp-json\/wp\/v2\/pages\/502\/revisions\/511"}],"wp:attachment":[{"href":"https:\/\/www.mayfra.es\/pro\/wp-json\/wp\/v2\/media?parent=502"}],"curies":[{"name":"wp","href":"https:\/\/api.w.org\/{rel}","templated":true}]}}