{"id":489,"date":"2015-12-03T17:07:51","date_gmt":"2015-12-03T17:07:51","guid":{"rendered":"http:\/\/www.mayfra.es\/pro\/?page_id=489"},"modified":"2015-12-03T17:07:51","modified_gmt":"2015-12-03T17:07:51","slug":"gomas-de-lavado-salas-de-ordeno","status":"publish","type":"page","link":"https:\/\/www.mayfra.es\/pro\/gomas-de-lavado-salas-de-ordeno\/","title":{"rendered":"Gomas de lavado salas de orde\u00f1o"},"content":{"rendered":"<p>Gomas de lavado para salas de orde\u00f1o de vacuno, ovino y caprino<br \/>\nDisponemos de un amplio cat\u00e1logo de Accesorios y Gomas de lavado para salas de orde\u00f1o de vacuno, ovino y caprino \u00a0as\u00ed como todos sus repuestos, <span style=\"color: #ff0000;\"><a href=\"http:\/\/www.mayfra.es\/CATALOGO_MAYFRA.pdf\" target=\"_blank\">consulte nuestro cat\u00e1logo.<\/a><\/span><\/p>\n<p><a href=\"http:\/\/www.mayfra.es\/pro\/wp-content\/uploads\/2015\/12\/Gomas_De_lavado_80_02.jpg\" rel=\"lightbox[489]\"><img decoding=\"async\" loading=\"lazy\" class=\"alignnone size-full wp-image-490\" src=\"http:\/\/www.mayfra.es\/pro\/wp-content\/uploads\/2015\/12\/Gomas_De_lavado_80_02.jpg\" alt=\"Gomas_De_lavado_80_02\" width=\"1280\" height=\"256\" srcset=\"https:\/\/www.mayfra.es\/pro\/wp-content\/uploads\/2015\/12\/Gomas_De_lavado_80_02.jpg 1280w, https:\/\/www.mayfra.es\/pro\/wp-content\/uploads\/2015\/12\/Gomas_De_lavado_80_02-300x60.jpg 300w, https:\/\/www.mayfra.es\/pro\/wp-content\/uploads\/2015\/12\/Gomas_De_lavado_80_02-1024x205.jpg 1024w, https:\/\/www.mayfra.es\/pro\/wp-content\/uploads\/2015\/12\/Gomas_De_lavado_80_02-676x135.jpg 676w\" sizes=\"(max-width: 1280px) 100vw, 1280px\" \/><\/a> <a href=\"http:\/\/www.mayfra.es\/pro\/wp-content\/uploads\/2015\/12\/Gomas_De_lavado_80_04.jpg\" rel=\"lightbox[489]\"><img decoding=\"async\" loading=\"lazy\" class=\"alignnone size-full wp-image-491\" src=\"http:\/\/www.mayfra.es\/pro\/wp-content\/uploads\/2015\/12\/Gomas_De_lavado_80_04.jpg\" alt=\"Gomas_De_lavado_80_04\" width=\"1280\" height=\"260\" srcset=\"https:\/\/www.mayfra.es\/pro\/wp-content\/uploads\/2015\/12\/Gomas_De_lavado_80_04.jpg 1280w, https:\/\/www.mayfra.es\/pro\/wp-content\/uploads\/2015\/12\/Gomas_De_lavado_80_04-300x61.jpg 300w, https:\/\/www.mayfra.es\/pro\/wp-content\/uploads\/2015\/12\/Gomas_De_lavado_80_04-1024x208.jpg 1024w, https:\/\/www.mayfra.es\/pro\/wp-content\/uploads\/2015\/12\/Gomas_De_lavado_80_04-676x137.jpg 676w\" sizes=\"(max-width: 1280px) 100vw, 1280px\" \/><\/a> <a href=\"http:\/\/www.mayfra.es\/pro\/wp-content\/uploads\/2015\/12\/Gomas_De_lavado_80_06.jpg\" rel=\"lightbox[489]\"><img decoding=\"async\" loading=\"lazy\" class=\"alignnone size-full wp-image-492\" src=\"http:\/\/www.mayfra.es\/pro\/wp-content\/uploads\/2015\/12\/Gomas_De_lavado_80_06.jpg\" alt=\"Gomas_De_lavado_80_06\" width=\"1280\" height=\"253\" srcset=\"https:\/\/www.mayfra.es\/pro\/wp-content\/uploads\/2015\/12\/Gomas_De_lavado_80_06.jpg 1280w, https:\/\/www.mayfra.es\/pro\/wp-content\/uploads\/2015\/12\/Gomas_De_lavado_80_06-300x59.jpg 300w, https:\/\/www.mayfra.es\/pro\/wp-content\/uploads\/2015\/12\/Gomas_De_lavado_80_06-1024x202.jpg 1024w, https:\/\/www.mayfra.es\/pro\/wp-content\/uploads\/2015\/12\/Gomas_De_lavado_80_06-676x134.jpg 676w\" sizes=\"(max-width: 1280px) 100vw, 1280px\" \/><\/a> <a href=\"http:\/\/www.mayfra.es\/pro\/wp-content\/uploads\/2015\/12\/Gomas_De_lavado_80_08.jpg\" rel=\"lightbox[489]\"><img decoding=\"async\" loading=\"lazy\" class=\"alignnone size-full wp-image-493\" src=\"http:\/\/www.mayfra.es\/pro\/wp-content\/uploads\/2015\/12\/Gomas_De_lavado_80_08.jpg\" alt=\"Gomas_De_lavado_80_08\" width=\"1280\" height=\"250\" srcset=\"https:\/\/www.mayfra.es\/pro\/wp-content\/uploads\/2015\/12\/Gomas_De_lavado_80_08.jpg 1280w, https:\/\/www.mayfra.es\/pro\/wp-content\/uploads\/2015\/12\/Gomas_De_lavado_80_08-300x59.jpg 300w, https:\/\/www.mayfra.es\/pro\/wp-content\/uploads\/2015\/12\/Gomas_De_lavado_80_08-1024x200.jpg 1024w, https:\/\/www.mayfra.es\/pro\/wp-content\/uploads\/2015\/12\/Gomas_De_lavado_80_08-676x132.jpg 676w\" sizes=\"(max-width: 1280px) 100vw, 1280px\" \/><\/a> <a href=\"http:\/\/www.mayfra.es\/pro\/wp-content\/uploads\/2015\/12\/Gomas_De_lavado_80_10.jpg\" rel=\"lightbox[489]\"><img decoding=\"async\" loading=\"lazy\" class=\"alignnone size-full wp-image-494\" src=\"http:\/\/www.mayfra.es\/pro\/wp-content\/uploads\/2015\/12\/Gomas_De_lavado_80_10.jpg\" alt=\"Gomas_De_lavado_80_10\" width=\"1280\" height=\"382\" srcset=\"https:\/\/www.mayfra.es\/pro\/wp-content\/uploads\/2015\/12\/Gomas_De_lavado_80_10.jpg 1280w, https:\/\/www.mayfra.es\/pro\/wp-content\/uploads\/2015\/12\/Gomas_De_lavado_80_10-300x90.jpg 300w, https:\/\/www.mayfra.es\/pro\/wp-content\/uploads\/2015\/12\/Gomas_De_lavado_80_10-1024x306.jpg 1024w, https:\/\/www.mayfra.es\/pro\/wp-content\/uploads\/2015\/12\/Gomas_De_lavado_80_10-676x202.jpg 676w\" sizes=\"(max-width: 1280px) 100vw, 1280px\" \/><\/a> <a href=\"http:\/\/www.mayfra.es\/pro\/wp-content\/uploads\/2015\/12\/Gomas_De_lavado_81_02.jpg\" rel=\"lightbox[489]\"><img decoding=\"async\" loading=\"lazy\" class=\"alignnone size-full wp-image-495\" src=\"http:\/\/www.mayfra.es\/pro\/wp-content\/uploads\/2015\/12\/Gomas_De_lavado_81_02.jpg\" alt=\"Gomas_De_lavado_81_02\" width=\"1280\" height=\"534\" srcset=\"https:\/\/www.mayfra.es\/pro\/wp-content\/uploads\/2015\/12\/Gomas_De_lavado_81_02.jpg 1280w, https:\/\/www.mayfra.es\/pro\/wp-content\/uploads\/2015\/12\/Gomas_De_lavado_81_02-300x125.jpg 300w, https:\/\/www.mayfra.es\/pro\/wp-content\/uploads\/2015\/12\/Gomas_De_lavado_81_02-1024x427.jpg 1024w, https:\/\/www.mayfra.es\/pro\/wp-content\/uploads\/2015\/12\/Gomas_De_lavado_81_02-676x282.jpg 676w\" sizes=\"(max-width: 1280px) 100vw, 1280px\" \/><\/a><\/p>\n","protected":false},"excerpt":{"rendered":"<p>Gomas de lavado para salas de orde\u00f1o de vacuno, ovino y caprino Disponemos de un amplio cat\u00e1logo de Accesorios y Gomas de lavado para salas de orde\u00f1o de vacuno, ovino y caprino \u00a0as\u00ed como todos sus repuestos, consulte nuestro cat\u00e1logo.<\/p>\n","protected":false},"author":1,"featured_media":0,"parent":0,"menu_order":0,"comment_status":"closed","ping_status":"closed","template":"","meta":[],"_links":{"self":[{"href":"https:\/\/www.mayfra.es\/pro\/wp-json\/wp\/v2\/pages\/489"}],"collection":[{"href":"https:\/\/www.mayfra.es\/pro\/wp-json\/wp\/v2\/pages"}],"about":[{"href":"https:\/\/www.mayfra.es\/pro\/wp-json\/wp\/v2\/types\/page"}],"author":[{"embeddable":true,"href":"https:\/\/www.mayfra.es\/pro\/wp-json\/wp\/v2\/users\/1"}],"replies":[{"embeddable":true,"href":"https:\/\/www.mayfra.es\/pro\/wp-json\/wp\/v2\/comments?post=489"}],"version-history":[{"count":1,"href":"https:\/\/www.mayfra.es\/pro\/wp-json\/wp\/v2\/pages\/489\/revisions"}],"predecessor-version":[{"id":496,"href":"https:\/\/www.mayfra.es\/pro\/wp-json\/wp\/v2\/pages\/489\/revisions\/496"}],"wp:attachment":[{"href":"https:\/\/www.mayfra.es\/pro\/wp-json\/wp\/v2\/media?parent=489"}],"curies":[{"name":"wp","href":"https:\/\/api.w.org\/{rel}","templated":true}]}}