{"id":480,"date":"2015-12-03T17:01:32","date_gmt":"2015-12-03T17:01:32","guid":{"rendered":"http:\/\/www.mayfra.es\/pro\/?page_id=480"},"modified":"2015-12-03T17:01:32","modified_gmt":"2015-12-03T17:01:32","slug":"tubos-para-ordeno-para-leche-de-caucho-silicona","status":"publish","type":"page","link":"https:\/\/www.mayfra.es\/pro\/tubos-para-ordeno-para-leche-de-caucho-silicona\/","title":{"rendered":"Tubos para Orde\u00f1o para leche de caucho, silicona"},"content":{"rendered":"<p>Tubos de Orde\u00f1o<br \/>\nDisponemos de un amplio cat\u00e1logo de Accesorios y tubos de orde\u00f1o\u00a0 as\u00ed como todos sus repuestos, <span style=\"color: #ff0000;\"><a href=\"http:\/\/www.mayfra.es\/CATALOGO_MAYFRA.pdf\" target=\"_blank\">consulte nuestro cat\u00e1logo.<\/a><\/span><\/p>\n<p><a href=\"http:\/\/www.mayfra.es\/pro\/wp-content\/uploads\/2015\/12\/colectores_para_ovejas_62_02.jpg\" rel=\"lightbox[480]\"><img decoding=\"async\" loading=\"lazy\" class=\"alignnone size-full wp-image-481\" src=\"http:\/\/www.mayfra.es\/pro\/wp-content\/uploads\/2015\/12\/colectores_para_ovejas_62_02.jpg\" alt=\"colectores_para_ovejas_62_02\" width=\"1280\" height=\"350\" srcset=\"https:\/\/www.mayfra.es\/pro\/wp-content\/uploads\/2015\/12\/colectores_para_ovejas_62_02.jpg 1280w, https:\/\/www.mayfra.es\/pro\/wp-content\/uploads\/2015\/12\/colectores_para_ovejas_62_02-300x82.jpg 300w, https:\/\/www.mayfra.es\/pro\/wp-content\/uploads\/2015\/12\/colectores_para_ovejas_62_02-1024x280.jpg 1024w, https:\/\/www.mayfra.es\/pro\/wp-content\/uploads\/2015\/12\/colectores_para_ovejas_62_02-676x185.jpg 676w\" sizes=\"(max-width: 1280px) 100vw, 1280px\" \/><\/a> <a href=\"http:\/\/www.mayfra.es\/pro\/wp-content\/uploads\/2015\/12\/colectores_para_ovejas_62_04.jpg\" rel=\"lightbox[480]\"><img decoding=\"async\" loading=\"lazy\" class=\"alignnone size-full wp-image-482\" src=\"http:\/\/www.mayfra.es\/pro\/wp-content\/uploads\/2015\/12\/colectores_para_ovejas_62_04.jpg\" alt=\"colectores_para_ovejas_62_04\" width=\"1280\" height=\"593\" srcset=\"https:\/\/www.mayfra.es\/pro\/wp-content\/uploads\/2015\/12\/colectores_para_ovejas_62_04.jpg 1280w, https:\/\/www.mayfra.es\/pro\/wp-content\/uploads\/2015\/12\/colectores_para_ovejas_62_04-300x139.jpg 300w, https:\/\/www.mayfra.es\/pro\/wp-content\/uploads\/2015\/12\/colectores_para_ovejas_62_04-1024x474.jpg 1024w, https:\/\/www.mayfra.es\/pro\/wp-content\/uploads\/2015\/12\/colectores_para_ovejas_62_04-676x313.jpg 676w\" sizes=\"(max-width: 1280px) 100vw, 1280px\" \/><\/a> <a href=\"http:\/\/www.mayfra.es\/pro\/wp-content\/uploads\/2015\/12\/colectores_para_ovejas_62_06.jpg\" rel=\"lightbox[480]\"><img decoding=\"async\" loading=\"lazy\" class=\"alignnone size-full wp-image-483\" src=\"http:\/\/www.mayfra.es\/pro\/wp-content\/uploads\/2015\/12\/colectores_para_ovejas_62_06.jpg\" alt=\"colectores_para_ovejas_62_06\" width=\"1280\" height=\"414\" srcset=\"https:\/\/www.mayfra.es\/pro\/wp-content\/uploads\/2015\/12\/colectores_para_ovejas_62_06.jpg 1280w, https:\/\/www.mayfra.es\/pro\/wp-content\/uploads\/2015\/12\/colectores_para_ovejas_62_06-300x97.jpg 300w, https:\/\/www.mayfra.es\/pro\/wp-content\/uploads\/2015\/12\/colectores_para_ovejas_62_06-1024x331.jpg 1024w, https:\/\/www.mayfra.es\/pro\/wp-content\/uploads\/2015\/12\/colectores_para_ovejas_62_06-676x219.jpg 676w\" sizes=\"(max-width: 1280px) 100vw, 1280px\" \/><\/a> <a href=\"http:\/\/www.mayfra.es\/pro\/wp-content\/uploads\/2015\/12\/colectores_para_ovejas_63_02.jpg\" rel=\"lightbox[480]\"><img decoding=\"async\" loading=\"lazy\" class=\"alignnone size-full wp-image-484\" src=\"http:\/\/www.mayfra.es\/pro\/wp-content\/uploads\/2015\/12\/colectores_para_ovejas_63_02.jpg\" alt=\"colectores_para_ovejas_63_02\" width=\"1280\" height=\"1546\" srcset=\"https:\/\/www.mayfra.es\/pro\/wp-content\/uploads\/2015\/12\/colectores_para_ovejas_63_02.jpg 1280w, https:\/\/www.mayfra.es\/pro\/wp-content\/uploads\/2015\/12\/colectores_para_ovejas_63_02-248x300.jpg 248w, https:\/\/www.mayfra.es\/pro\/wp-content\/uploads\/2015\/12\/colectores_para_ovejas_63_02-848x1024.jpg 848w, https:\/\/www.mayfra.es\/pro\/wp-content\/uploads\/2015\/12\/colectores_para_ovejas_63_02-676x816.jpg 676w\" sizes=\"(max-width: 1280px) 100vw, 1280px\" \/><\/a><\/p>\n","protected":false},"excerpt":{"rendered":"<p>Tubos de Orde\u00f1o Disponemos de un amplio cat\u00e1logo de Accesorios y tubos de orde\u00f1o\u00a0 as\u00ed como todos sus repuestos, consulte nuestro cat\u00e1logo.<\/p>\n","protected":false},"author":1,"featured_media":0,"parent":0,"menu_order":0,"comment_status":"closed","ping_status":"closed","template":"","meta":[],"_links":{"self":[{"href":"https:\/\/www.mayfra.es\/pro\/wp-json\/wp\/v2\/pages\/480"}],"collection":[{"href":"https:\/\/www.mayfra.es\/pro\/wp-json\/wp\/v2\/pages"}],"about":[{"href":"https:\/\/www.mayfra.es\/pro\/wp-json\/wp\/v2\/types\/page"}],"author":[{"embeddable":true,"href":"https:\/\/www.mayfra.es\/pro\/wp-json\/wp\/v2\/users\/1"}],"replies":[{"embeddable":true,"href":"https:\/\/www.mayfra.es\/pro\/wp-json\/wp\/v2\/comments?post=480"}],"version-history":[{"count":1,"href":"https:\/\/www.mayfra.es\/pro\/wp-json\/wp\/v2\/pages\/480\/revisions"}],"predecessor-version":[{"id":485,"href":"https:\/\/www.mayfra.es\/pro\/wp-json\/wp\/v2\/pages\/480\/revisions\/485"}],"wp:attachment":[{"href":"https:\/\/www.mayfra.es\/pro\/wp-json\/wp\/v2\/media?parent=480"}],"curies":[{"name":"wp","href":"https:\/\/api.w.org\/{rel}","templated":true}]}}