{"id":476,"date":"2015-12-03T16:59:44","date_gmt":"2015-12-03T16:59:44","guid":{"rendered":"http:\/\/www.mayfra.es\/pro\/?page_id=476"},"modified":"2015-12-03T16:59:44","modified_gmt":"2015-12-03T16:59:44","slug":"equipos-de-ordeno-para-ovejas","status":"publish","type":"page","link":"https:\/\/www.mayfra.es\/pro\/equipos-de-ordeno-para-ovejas\/","title":{"rendered":"Equipos de orde\u00f1o para Ovejas"},"content":{"rendered":"<p>Equipos de orde\u00f1o para Ovejas<br \/>\nDisponemos de un amplio cat\u00e1logo de Accesorios y Equipos de orde\u00f1o para Ovejas as\u00ed como todos sus repuestos, <span style=\"color: #ff0000;\"><a href=\"http:\/\/www.mayfra.es\/CATALOGO_MAYFRA.pdf\" target=\"_blank\">consulte nuestro cat\u00e1logo.<\/a><\/span><\/p>\n<p><a href=\"http:\/\/www.mayfra.es\/pro\/wp-content\/uploads\/2015\/12\/colectores_para_ovejas_69_05.jpg\" rel=\"lightbox[476]\"><img decoding=\"async\" loading=\"lazy\" class=\"alignnone size-full wp-image-477\" src=\"http:\/\/www.mayfra.es\/pro\/wp-content\/uploads\/2015\/12\/colectores_para_ovejas_69_05.jpg\" alt=\"colectores_para_ovejas_69_05\" width=\"640\" height=\"352\" srcset=\"https:\/\/www.mayfra.es\/pro\/wp-content\/uploads\/2015\/12\/colectores_para_ovejas_69_05.jpg 640w, https:\/\/www.mayfra.es\/pro\/wp-content\/uploads\/2015\/12\/colectores_para_ovejas_69_05-300x165.jpg 300w\" sizes=\"(max-width: 640px) 100vw, 640px\" \/><\/a> <a href=\"http:\/\/www.mayfra.es\/pro\/wp-content\/uploads\/2015\/12\/colectores_para_ovejas_71_02.jpg\" rel=\"lightbox[476]\"><img decoding=\"async\" loading=\"lazy\" class=\"alignnone size-full wp-image-478\" src=\"http:\/\/www.mayfra.es\/pro\/wp-content\/uploads\/2015\/12\/colectores_para_ovejas_71_02.jpg\" alt=\"colectores_para_ovejas_71_02\" width=\"1280\" height=\"416\" srcset=\"https:\/\/www.mayfra.es\/pro\/wp-content\/uploads\/2015\/12\/colectores_para_ovejas_71_02.jpg 1280w, https:\/\/www.mayfra.es\/pro\/wp-content\/uploads\/2015\/12\/colectores_para_ovejas_71_02-300x98.jpg 300w, https:\/\/www.mayfra.es\/pro\/wp-content\/uploads\/2015\/12\/colectores_para_ovejas_71_02-1024x333.jpg 1024w, https:\/\/www.mayfra.es\/pro\/wp-content\/uploads\/2015\/12\/colectores_para_ovejas_71_02-676x220.jpg 676w\" sizes=\"(max-width: 1280px) 100vw, 1280px\" \/><\/a><\/p>\n","protected":false},"excerpt":{"rendered":"<p>Equipos de orde\u00f1o para Ovejas Disponemos de un amplio cat\u00e1logo de Accesorios y Equipos de orde\u00f1o para Ovejas as\u00ed como todos sus repuestos, consulte nuestro cat\u00e1logo.<\/p>\n","protected":false},"author":1,"featured_media":0,"parent":0,"menu_order":0,"comment_status":"closed","ping_status":"closed","template":"","meta":[],"_links":{"self":[{"href":"https:\/\/www.mayfra.es\/pro\/wp-json\/wp\/v2\/pages\/476"}],"collection":[{"href":"https:\/\/www.mayfra.es\/pro\/wp-json\/wp\/v2\/pages"}],"about":[{"href":"https:\/\/www.mayfra.es\/pro\/wp-json\/wp\/v2\/types\/page"}],"author":[{"embeddable":true,"href":"https:\/\/www.mayfra.es\/pro\/wp-json\/wp\/v2\/users\/1"}],"replies":[{"embeddable":true,"href":"https:\/\/www.mayfra.es\/pro\/wp-json\/wp\/v2\/comments?post=476"}],"version-history":[{"count":1,"href":"https:\/\/www.mayfra.es\/pro\/wp-json\/wp\/v2\/pages\/476\/revisions"}],"predecessor-version":[{"id":479,"href":"https:\/\/www.mayfra.es\/pro\/wp-json\/wp\/v2\/pages\/476\/revisions\/479"}],"wp:attachment":[{"href":"https:\/\/www.mayfra.es\/pro\/wp-json\/wp\/v2\/media?parent=476"}],"curies":[{"name":"wp","href":"https:\/\/api.w.org\/{rel}","templated":true}]}}