{"id":461,"date":"2015-12-03T16:44:07","date_gmt":"2015-12-03T16:44:07","guid":{"rendered":"http:\/\/www.mayfra.es\/pro\/?page_id=461"},"modified":"2015-12-03T16:44:07","modified_gmt":"2015-12-03T16:44:07","slug":"equipos-de-ordeno-para-cabras","status":"publish","type":"page","link":"https:\/\/www.mayfra.es\/pro\/equipos-de-ordeno-para-cabras\/","title":{"rendered":"Equipos de orde\u00f1o para cabras"},"content":{"rendered":"<p>Equipos de orde\u00f1o para cabras<br \/>\nDisponemos de un amplio cat\u00e1logo de Accesorios y Equipos de orde\u00f1o para cabras as\u00ed como todos sus repuestos, <span style=\"color: #ff0000;\"><a href=\"http:\/\/www.mayfra.es\/CATALOGO_MAYFRA.pdf\" target=\"_blank\">consulte nuestro cat\u00e1logo.<\/a><\/span><\/p>\n<p><a href=\"http:\/\/www.mayfra.es\/pro\/wp-content\/uploads\/2015\/12\/equipos_de_ordeno_caprino_69_04.jpg\" rel=\"lightbox[461]\"><img decoding=\"async\" loading=\"lazy\" class=\"alignnone size-full wp-image-462\" src=\"http:\/\/www.mayfra.es\/pro\/wp-content\/uploads\/2015\/12\/equipos_de_ordeno_caprino_69_04.jpg\" alt=\"equipos_de_ordeno_caprino_69_04\" width=\"640\" height=\"338\" srcset=\"https:\/\/www.mayfra.es\/pro\/wp-content\/uploads\/2015\/12\/equipos_de_ordeno_caprino_69_04.jpg 640w, https:\/\/www.mayfra.es\/pro\/wp-content\/uploads\/2015\/12\/equipos_de_ordeno_caprino_69_04-300x158.jpg 300w\" sizes=\"(max-width: 640px) 100vw, 640px\" \/><\/a> <a href=\"http:\/\/www.mayfra.es\/pro\/wp-content\/uploads\/2015\/12\/equipos_de_ordeno_caprino_69_11.jpg\" rel=\"lightbox[461]\"><img decoding=\"async\" loading=\"lazy\" class=\"alignnone size-full wp-image-463\" src=\"http:\/\/www.mayfra.es\/pro\/wp-content\/uploads\/2015\/12\/equipos_de_ordeno_caprino_69_11.jpg\" alt=\"equipos_de_ordeno_caprino_69_11\" width=\"640\" height=\"356\" srcset=\"https:\/\/www.mayfra.es\/pro\/wp-content\/uploads\/2015\/12\/equipos_de_ordeno_caprino_69_11.jpg 640w, https:\/\/www.mayfra.es\/pro\/wp-content\/uploads\/2015\/12\/equipos_de_ordeno_caprino_69_11-300x167.jpg 300w\" sizes=\"(max-width: 640px) 100vw, 640px\" \/><\/a> <a href=\"http:\/\/www.mayfra.es\/pro\/wp-content\/uploads\/2015\/12\/equipos_de_ordeno_caprino_69_16.jpg\" rel=\"lightbox[461]\"><img decoding=\"async\" loading=\"lazy\" class=\"alignnone size-full wp-image-464\" src=\"http:\/\/www.mayfra.es\/pro\/wp-content\/uploads\/2015\/12\/equipos_de_ordeno_caprino_69_16.jpg\" alt=\"equipos_de_ordeno_caprino_69_16\" width=\"640\" height=\"372\" srcset=\"https:\/\/www.mayfra.es\/pro\/wp-content\/uploads\/2015\/12\/equipos_de_ordeno_caprino_69_16.jpg 640w, https:\/\/www.mayfra.es\/pro\/wp-content\/uploads\/2015\/12\/equipos_de_ordeno_caprino_69_16-300x174.jpg 300w\" sizes=\"(max-width: 640px) 100vw, 640px\" \/><\/a> <a href=\"http:\/\/www.mayfra.es\/pro\/wp-content\/uploads\/2015\/12\/equipos_de_ordeno_caprino_69_17.jpg\" rel=\"lightbox[461]\"><img decoding=\"async\" loading=\"lazy\" class=\"alignnone size-full wp-image-465\" src=\"http:\/\/www.mayfra.es\/pro\/wp-content\/uploads\/2015\/12\/equipos_de_ordeno_caprino_69_17.jpg\" alt=\"equipos_de_ordeno_caprino_69_17\" width=\"640\" height=\"372\" srcset=\"https:\/\/www.mayfra.es\/pro\/wp-content\/uploads\/2015\/12\/equipos_de_ordeno_caprino_69_17.jpg 640w, https:\/\/www.mayfra.es\/pro\/wp-content\/uploads\/2015\/12\/equipos_de_ordeno_caprino_69_17-300x174.jpg 300w\" sizes=\"(max-width: 640px) 100vw, 640px\" \/><\/a> <a href=\"http:\/\/www.mayfra.es\/pro\/wp-content\/uploads\/2015\/12\/equipos_de_ordeno_caprino_71_07.jpg\" rel=\"lightbox[461]\"><img decoding=\"async\" loading=\"lazy\" class=\"alignnone size-full wp-image-466\" src=\"http:\/\/www.mayfra.es\/pro\/wp-content\/uploads\/2015\/12\/equipos_de_ordeno_caprino_71_07.jpg\" alt=\"equipos_de_ordeno_caprino_71_07\" width=\"640\" height=\"431\" srcset=\"https:\/\/www.mayfra.es\/pro\/wp-content\/uploads\/2015\/12\/equipos_de_ordeno_caprino_71_07.jpg 640w, https:\/\/www.mayfra.es\/pro\/wp-content\/uploads\/2015\/12\/equipos_de_ordeno_caprino_71_07-300x202.jpg 300w\" sizes=\"(max-width: 640px) 100vw, 640px\" \/><\/a><\/p>\n","protected":false},"excerpt":{"rendered":"<p>Equipos de orde\u00f1o para cabras Disponemos de un amplio cat\u00e1logo de Accesorios y Equipos de orde\u00f1o para cabras as\u00ed como todos sus repuestos, consulte nuestro cat\u00e1logo.<\/p>\n","protected":false},"author":1,"featured_media":0,"parent":0,"menu_order":0,"comment_status":"closed","ping_status":"closed","template":"","meta":[],"_links":{"self":[{"href":"https:\/\/www.mayfra.es\/pro\/wp-json\/wp\/v2\/pages\/461"}],"collection":[{"href":"https:\/\/www.mayfra.es\/pro\/wp-json\/wp\/v2\/pages"}],"about":[{"href":"https:\/\/www.mayfra.es\/pro\/wp-json\/wp\/v2\/types\/page"}],"author":[{"embeddable":true,"href":"https:\/\/www.mayfra.es\/pro\/wp-json\/wp\/v2\/users\/1"}],"replies":[{"embeddable":true,"href":"https:\/\/www.mayfra.es\/pro\/wp-json\/wp\/v2\/comments?post=461"}],"version-history":[{"count":1,"href":"https:\/\/www.mayfra.es\/pro\/wp-json\/wp\/v2\/pages\/461\/revisions"}],"predecessor-version":[{"id":467,"href":"https:\/\/www.mayfra.es\/pro\/wp-json\/wp\/v2\/pages\/461\/revisions\/467"}],"wp:attachment":[{"href":"https:\/\/www.mayfra.es\/pro\/wp-json\/wp\/v2\/media?parent=461"}],"curies":[{"name":"wp","href":"https:\/\/api.w.org\/{rel}","templated":true}]}}