{"id":444,"date":"2015-12-03T16:15:52","date_gmt":"2015-12-03T16:15:52","guid":{"rendered":"http:\/\/www.mayfra.es\/pro\/?page_id=444"},"modified":"2015-12-03T16:15:52","modified_gmt":"2015-12-03T16:15:52","slug":"colectores-para-ordeno-de-vacuno","status":"publish","type":"page","link":"https:\/\/www.mayfra.es\/pro\/colectores-para-ordeno-de-vacuno\/","title":{"rendered":"Colectores para Orde\u00f1o de vacuno"},"content":{"rendered":"<p>Colectores para Orde\u00f1o de vacuno<br \/>\nDisponemos de un amplio cat\u00e1logo de Accesorios y Colectores para Orde\u00f1o de vacuno as\u00ed como todos sus repuestos, <span style=\"color: #ff0000;\"><a href=\"http:\/\/www.mayfra.es\/CATALOGO_MAYFRA.pdf\" target=\"_blank\">consulte nuestro cat\u00e1logo.<\/a><\/span><\/p>\n<p><a href=\"http:\/\/www.mayfra.es\/pro\/wp-content\/uploads\/2015\/12\/colectorea_para_vacuno_51_02.jpg\" rel=\"lightbox[444]\"><img decoding=\"async\" loading=\"lazy\" class=\"alignnone size-full wp-image-445\" src=\"http:\/\/www.mayfra.es\/pro\/wp-content\/uploads\/2015\/12\/colectorea_para_vacuno_51_02.jpg\" alt=\"colectorea_para_vacuno_51_02\" width=\"1280\" height=\"640\" srcset=\"https:\/\/www.mayfra.es\/pro\/wp-content\/uploads\/2015\/12\/colectorea_para_vacuno_51_02.jpg 1280w, https:\/\/www.mayfra.es\/pro\/wp-content\/uploads\/2015\/12\/colectorea_para_vacuno_51_02-300x150.jpg 300w, https:\/\/www.mayfra.es\/pro\/wp-content\/uploads\/2015\/12\/colectorea_para_vacuno_51_02-1024x512.jpg 1024w, https:\/\/www.mayfra.es\/pro\/wp-content\/uploads\/2015\/12\/colectorea_para_vacuno_51_02-676x338.jpg 676w\" sizes=\"(max-width: 1280px) 100vw, 1280px\" \/><\/a> <a href=\"http:\/\/www.mayfra.es\/pro\/wp-content\/uploads\/2015\/12\/colectores_para_vacuno_50_02.jpg\" rel=\"lightbox[444]\"><img decoding=\"async\" loading=\"lazy\" class=\"alignnone size-full wp-image-446\" src=\"http:\/\/www.mayfra.es\/pro\/wp-content\/uploads\/2015\/12\/colectores_para_vacuno_50_02.jpg\" alt=\"colectores_para_vacuno_50_02\" width=\"1280\" height=\"562\" srcset=\"https:\/\/www.mayfra.es\/pro\/wp-content\/uploads\/2015\/12\/colectores_para_vacuno_50_02.jpg 1280w, https:\/\/www.mayfra.es\/pro\/wp-content\/uploads\/2015\/12\/colectores_para_vacuno_50_02-300x132.jpg 300w, https:\/\/www.mayfra.es\/pro\/wp-content\/uploads\/2015\/12\/colectores_para_vacuno_50_02-1024x450.jpg 1024w, https:\/\/www.mayfra.es\/pro\/wp-content\/uploads\/2015\/12\/colectores_para_vacuno_50_02-676x297.jpg 676w\" sizes=\"(max-width: 1280px) 100vw, 1280px\" \/><\/a> <a href=\"http:\/\/www.mayfra.es\/pro\/wp-content\/uploads\/2015\/12\/colectores_para_vacuno_52_02.jpg\" rel=\"lightbox[444]\"><img decoding=\"async\" loading=\"lazy\" class=\"alignnone size-full wp-image-447\" src=\"http:\/\/www.mayfra.es\/pro\/wp-content\/uploads\/2015\/12\/colectores_para_vacuno_52_02.jpg\" alt=\"colectores_para_vacuno_52_02\" width=\"1280\" height=\"743\" srcset=\"https:\/\/www.mayfra.es\/pro\/wp-content\/uploads\/2015\/12\/colectores_para_vacuno_52_02.jpg 1280w, https:\/\/www.mayfra.es\/pro\/wp-content\/uploads\/2015\/12\/colectores_para_vacuno_52_02-300x174.jpg 300w, https:\/\/www.mayfra.es\/pro\/wp-content\/uploads\/2015\/12\/colectores_para_vacuno_52_02-1024x594.jpg 1024w, https:\/\/www.mayfra.es\/pro\/wp-content\/uploads\/2015\/12\/colectores_para_vacuno_52_02-676x392.jpg 676w\" sizes=\"(max-width: 1280px) 100vw, 1280px\" \/><\/a> <a href=\"http:\/\/www.mayfra.es\/pro\/wp-content\/uploads\/2015\/12\/colectores_para_vacuno_52_04.jpg\" rel=\"lightbox[444]\"><img decoding=\"async\" loading=\"lazy\" class=\"alignnone size-full wp-image-448\" src=\"http:\/\/www.mayfra.es\/pro\/wp-content\/uploads\/2015\/12\/colectores_para_vacuno_52_04.jpg\" alt=\"colectores_para_vacuno_52_04\" width=\"1280\" height=\"744\" srcset=\"https:\/\/www.mayfra.es\/pro\/wp-content\/uploads\/2015\/12\/colectores_para_vacuno_52_04.jpg 1280w, https:\/\/www.mayfra.es\/pro\/wp-content\/uploads\/2015\/12\/colectores_para_vacuno_52_04-300x174.jpg 300w, https:\/\/www.mayfra.es\/pro\/wp-content\/uploads\/2015\/12\/colectores_para_vacuno_52_04-1024x595.jpg 1024w, https:\/\/www.mayfra.es\/pro\/wp-content\/uploads\/2015\/12\/colectores_para_vacuno_52_04-676x393.jpg 676w\" sizes=\"(max-width: 1280px) 100vw, 1280px\" \/><\/a> <a href=\"http:\/\/www.mayfra.es\/pro\/wp-content\/uploads\/2015\/12\/colectores_para_vacuno_53_02.jpg\" rel=\"lightbox[444]\"><img decoding=\"async\" loading=\"lazy\" class=\"alignnone size-full wp-image-449\" src=\"http:\/\/www.mayfra.es\/pro\/wp-content\/uploads\/2015\/12\/colectores_para_vacuno_53_02.jpg\" alt=\"colectores_para_vacuno_53_02\" width=\"1280\" height=\"611\" srcset=\"https:\/\/www.mayfra.es\/pro\/wp-content\/uploads\/2015\/12\/colectores_para_vacuno_53_02.jpg 1280w, https:\/\/www.mayfra.es\/pro\/wp-content\/uploads\/2015\/12\/colectores_para_vacuno_53_02-300x143.jpg 300w, https:\/\/www.mayfra.es\/pro\/wp-content\/uploads\/2015\/12\/colectores_para_vacuno_53_02-1024x489.jpg 1024w, https:\/\/www.mayfra.es\/pro\/wp-content\/uploads\/2015\/12\/colectores_para_vacuno_53_02-676x323.jpg 676w\" sizes=\"(max-width: 1280px) 100vw, 1280px\" \/><\/a> <a href=\"http:\/\/www.mayfra.es\/pro\/wp-content\/uploads\/2015\/12\/colectores_para_vacuno_54_02.jpg\" rel=\"lightbox[444]\"><img decoding=\"async\" loading=\"lazy\" class=\"alignnone size-full wp-image-450\" src=\"http:\/\/www.mayfra.es\/pro\/wp-content\/uploads\/2015\/12\/colectores_para_vacuno_54_02.jpg\" alt=\"colectores_para_vacuno_54_02\" width=\"1280\" height=\"835\" srcset=\"https:\/\/www.mayfra.es\/pro\/wp-content\/uploads\/2015\/12\/colectores_para_vacuno_54_02.jpg 1280w, https:\/\/www.mayfra.es\/pro\/wp-content\/uploads\/2015\/12\/colectores_para_vacuno_54_02-300x196.jpg 300w, https:\/\/www.mayfra.es\/pro\/wp-content\/uploads\/2015\/12\/colectores_para_vacuno_54_02-1024x668.jpg 1024w, https:\/\/www.mayfra.es\/pro\/wp-content\/uploads\/2015\/12\/colectores_para_vacuno_54_02-676x441.jpg 676w\" sizes=\"(max-width: 1280px) 100vw, 1280px\" \/><\/a><\/p>\n","protected":false},"excerpt":{"rendered":"<p>Colectores para Orde\u00f1o de vacuno Disponemos de un amplio cat\u00e1logo de Accesorios y Colectores para Orde\u00f1o de vacuno as\u00ed como todos sus repuestos, consulte nuestro cat\u00e1logo.<\/p>\n","protected":false},"author":1,"featured_media":0,"parent":0,"menu_order":0,"comment_status":"closed","ping_status":"closed","template":"","meta":[],"_links":{"self":[{"href":"https:\/\/www.mayfra.es\/pro\/wp-json\/wp\/v2\/pages\/444"}],"collection":[{"href":"https:\/\/www.mayfra.es\/pro\/wp-json\/wp\/v2\/pages"}],"about":[{"href":"https:\/\/www.mayfra.es\/pro\/wp-json\/wp\/v2\/types\/page"}],"author":[{"embeddable":true,"href":"https:\/\/www.mayfra.es\/pro\/wp-json\/wp\/v2\/users\/1"}],"replies":[{"embeddable":true,"href":"https:\/\/www.mayfra.es\/pro\/wp-json\/wp\/v2\/comments?post=444"}],"version-history":[{"count":1,"href":"https:\/\/www.mayfra.es\/pro\/wp-json\/wp\/v2\/pages\/444\/revisions"}],"predecessor-version":[{"id":451,"href":"https:\/\/www.mayfra.es\/pro\/wp-json\/wp\/v2\/pages\/444\/revisions\/451"}],"wp:attachment":[{"href":"https:\/\/www.mayfra.es\/pro\/wp-json\/wp\/v2\/media?parent=444"}],"curies":[{"name":"wp","href":"https:\/\/api.w.org\/{rel}","templated":true}]}}