{"id":399,"date":"2015-12-02T17:05:29","date_gmt":"2015-12-02T17:05:29","guid":{"rendered":"http:\/\/www.mayfra.es\/pro\/?page_id=399"},"modified":"2015-12-02T17:13:06","modified_gmt":"2015-12-02T17:13:06","slug":"pulsadores-para-maquinas-y-salas-de-ordeno","status":"publish","type":"page","link":"https:\/\/www.mayfra.es\/pro\/pulsadores-para-maquinas-y-salas-de-ordeno\/","title":{"rendered":"Pulsadores para m\u00e1quinas y salas de orde\u00f1o"},"content":{"rendered":"<p>Pulsadores para m\u00e1quinas y salas de orde\u00f1o<br \/>\nDisponemos de un amplio cat\u00e1logo de Pulsadores para maquinas y salas de orde\u00f1o, as\u00ed como todos sus repuestos y accesorios, <span style=\"color: #ff0000;\"><a href=\"http:\/\/www.mayfra.es\/CATALOGO_MAYFRA.pdf\" target=\"_blank\">consulte nuestro cat\u00e1logo.<\/a><\/span><\/p>\n<p><a href=\"http:\/\/www.mayfra.es\/pro\/wp-content\/uploads\/2015\/12\/pulsadores_electronicos_47_02.jpg\" rel=\"lightbox[399]\"><img decoding=\"async\" loading=\"lazy\" class=\"alignnone size-full wp-image-400\" src=\"http:\/\/www.mayfra.es\/pro\/wp-content\/uploads\/2015\/12\/pulsadores_electronicos_47_02.jpg\" alt=\"pulsadores_electronicos_47_02\" width=\"1278\" height=\"741\" srcset=\"https:\/\/www.mayfra.es\/pro\/wp-content\/uploads\/2015\/12\/pulsadores_electronicos_47_02.jpg 1278w, https:\/\/www.mayfra.es\/pro\/wp-content\/uploads\/2015\/12\/pulsadores_electronicos_47_02-300x174.jpg 300w, https:\/\/www.mayfra.es\/pro\/wp-content\/uploads\/2015\/12\/pulsadores_electronicos_47_02-1024x594.jpg 1024w, https:\/\/www.mayfra.es\/pro\/wp-content\/uploads\/2015\/12\/pulsadores_electronicos_47_02-676x392.jpg 676w\" sizes=\"(max-width: 1278px) 100vw, 1278px\" \/><\/a> <a href=\"http:\/\/www.mayfra.es\/pro\/wp-content\/uploads\/2015\/12\/pulsadores_electronicos_47_03.jpg\" rel=\"lightbox[399]\"><img decoding=\"async\" loading=\"lazy\" class=\"alignnone size-full wp-image-401\" src=\"http:\/\/www.mayfra.es\/pro\/wp-content\/uploads\/2015\/12\/pulsadores_electronicos_47_03.jpg\" alt=\"pulsadores_electronicos_47_03\" width=\"1278\" height=\"789\" srcset=\"https:\/\/www.mayfra.es\/pro\/wp-content\/uploads\/2015\/12\/pulsadores_electronicos_47_03.jpg 1278w, https:\/\/www.mayfra.es\/pro\/wp-content\/uploads\/2015\/12\/pulsadores_electronicos_47_03-300x185.jpg 300w, https:\/\/www.mayfra.es\/pro\/wp-content\/uploads\/2015\/12\/pulsadores_electronicos_47_03-1024x632.jpg 1024w, https:\/\/www.mayfra.es\/pro\/wp-content\/uploads\/2015\/12\/pulsadores_electronicos_47_03-676x417.jpg 676w\" sizes=\"(max-width: 1278px) 100vw, 1278px\" \/><\/a> <a href=\"http:\/\/www.mayfra.es\/pro\/wp-content\/uploads\/2015\/12\/pulsadores_maquina_49_02.jpg\" rel=\"lightbox[399]\"><img decoding=\"async\" loading=\"lazy\" class=\"alignnone size-full wp-image-402\" src=\"http:\/\/www.mayfra.es\/pro\/wp-content\/uploads\/2015\/12\/pulsadores_maquina_49_02.jpg\" alt=\"pulsadores_maquina_49_02\" width=\"1278\" height=\"1431\" srcset=\"https:\/\/www.mayfra.es\/pro\/wp-content\/uploads\/2015\/12\/pulsadores_maquina_49_02.jpg 1278w, https:\/\/www.mayfra.es\/pro\/wp-content\/uploads\/2015\/12\/pulsadores_maquina_49_02-268x300.jpg 268w, https:\/\/www.mayfra.es\/pro\/wp-content\/uploads\/2015\/12\/pulsadores_maquina_49_02-915x1024.jpg 915w, https:\/\/www.mayfra.es\/pro\/wp-content\/uploads\/2015\/12\/pulsadores_maquina_49_02-676x757.jpg 676w\" sizes=\"(max-width: 1278px) 100vw, 1278px\" \/><\/a> <a href=\"http:\/\/www.mayfra.es\/pro\/wp-content\/uploads\/2015\/12\/pulsadores_maquinas_48_02.jpg\" rel=\"lightbox[399]\"><img decoding=\"async\" loading=\"lazy\" class=\"alignnone size-full wp-image-403\" src=\"http:\/\/www.mayfra.es\/pro\/wp-content\/uploads\/2015\/12\/pulsadores_maquinas_48_02.jpg\" alt=\"pulsadores_maquinas_48_02\" width=\"1278\" height=\"698\" srcset=\"https:\/\/www.mayfra.es\/pro\/wp-content\/uploads\/2015\/12\/pulsadores_maquinas_48_02.jpg 1278w, https:\/\/www.mayfra.es\/pro\/wp-content\/uploads\/2015\/12\/pulsadores_maquinas_48_02-300x164.jpg 300w, https:\/\/www.mayfra.es\/pro\/wp-content\/uploads\/2015\/12\/pulsadores_maquinas_48_02-1024x559.jpg 1024w, https:\/\/www.mayfra.es\/pro\/wp-content\/uploads\/2015\/12\/pulsadores_maquinas_48_02-676x369.jpg 676w\" sizes=\"(max-width: 1278px) 100vw, 1278px\" \/><\/a> <a href=\"http:\/\/www.mayfra.es\/pro\/wp-content\/uploads\/2015\/12\/pulsadores_maquinas_48_03.jpg\" rel=\"lightbox[399]\"><img decoding=\"async\" loading=\"lazy\" class=\"alignnone size-full wp-image-404\" src=\"http:\/\/www.mayfra.es\/pro\/wp-content\/uploads\/2015\/12\/pulsadores_maquinas_48_03.jpg\" alt=\"pulsadores_maquinas_48_03\" width=\"1278\" height=\"757\" srcset=\"https:\/\/www.mayfra.es\/pro\/wp-content\/uploads\/2015\/12\/pulsadores_maquinas_48_03.jpg 1278w, https:\/\/www.mayfra.es\/pro\/wp-content\/uploads\/2015\/12\/pulsadores_maquinas_48_03-300x178.jpg 300w, https:\/\/www.mayfra.es\/pro\/wp-content\/uploads\/2015\/12\/pulsadores_maquinas_48_03-1024x607.jpg 1024w, https:\/\/www.mayfra.es\/pro\/wp-content\/uploads\/2015\/12\/pulsadores_maquinas_48_03-676x400.jpg 676w\" sizes=\"(max-width: 1278px) 100vw, 1278px\" \/><\/a> <a href=\"http:\/\/www.mayfra.es\/pro\/wp-content\/uploads\/2015\/12\/pulsadores_maquinas_50_02.jpg\" rel=\"lightbox[399]\"><img decoding=\"async\" loading=\"lazy\" class=\"alignnone size-full wp-image-405\" src=\"http:\/\/www.mayfra.es\/pro\/wp-content\/uploads\/2015\/12\/pulsadores_maquinas_50_02.jpg\" alt=\"pulsadores_maquinas_50_02\" width=\"1278\" height=\"1039\" srcset=\"https:\/\/www.mayfra.es\/pro\/wp-content\/uploads\/2015\/12\/pulsadores_maquinas_50_02.jpg 1278w, https:\/\/www.mayfra.es\/pro\/wp-content\/uploads\/2015\/12\/pulsadores_maquinas_50_02-300x244.jpg 300w, https:\/\/www.mayfra.es\/pro\/wp-content\/uploads\/2015\/12\/pulsadores_maquinas_50_02-1024x833.jpg 1024w, https:\/\/www.mayfra.es\/pro\/wp-content\/uploads\/2015\/12\/pulsadores_maquinas_50_02-676x550.jpg 676w\" sizes=\"(max-width: 1278px) 100vw, 1278px\" \/><\/a> <a href=\"http:\/\/www.mayfra.es\/pro\/wp-content\/uploads\/2015\/12\/pulsadores_maquinas_52_02.jpg\" rel=\"lightbox[399]\"><img decoding=\"async\" loading=\"lazy\" class=\"alignnone size-full wp-image-406\" src=\"http:\/\/www.mayfra.es\/pro\/wp-content\/uploads\/2015\/12\/pulsadores_maquinas_52_02.jpg\" alt=\"pulsadores_maquinas_52_02\" width=\"1278\" height=\"757\" srcset=\"https:\/\/www.mayfra.es\/pro\/wp-content\/uploads\/2015\/12\/pulsadores_maquinas_52_02.jpg 1278w, https:\/\/www.mayfra.es\/pro\/wp-content\/uploads\/2015\/12\/pulsadores_maquinas_52_02-300x178.jpg 300w, https:\/\/www.mayfra.es\/pro\/wp-content\/uploads\/2015\/12\/pulsadores_maquinas_52_02-1024x607.jpg 1024w, https:\/\/www.mayfra.es\/pro\/wp-content\/uploads\/2015\/12\/pulsadores_maquinas_52_02-676x400.jpg 676w\" sizes=\"(max-width: 1278px) 100vw, 1278px\" \/><\/a> <a href=\"http:\/\/www.mayfra.es\/pro\/wp-content\/uploads\/2015\/12\/pulsadores_maquinas_52_04.jpg\" rel=\"lightbox[399]\"><img decoding=\"async\" loading=\"lazy\" class=\"alignnone size-full wp-image-407\" src=\"http:\/\/www.mayfra.es\/pro\/wp-content\/uploads\/2015\/12\/pulsadores_maquinas_52_04.jpg\" alt=\"pulsadores_maquinas_52_04\" width=\"1278\" height=\"727\" srcset=\"https:\/\/www.mayfra.es\/pro\/wp-content\/uploads\/2015\/12\/pulsadores_maquinas_52_04.jpg 1278w, https:\/\/www.mayfra.es\/pro\/wp-content\/uploads\/2015\/12\/pulsadores_maquinas_52_04-300x171.jpg 300w, https:\/\/www.mayfra.es\/pro\/wp-content\/uploads\/2015\/12\/pulsadores_maquinas_52_04-1024x583.jpg 1024w, https:\/\/www.mayfra.es\/pro\/wp-content\/uploads\/2015\/12\/pulsadores_maquinas_52_04-676x385.jpg 676w\" sizes=\"(max-width: 1278px) 100vw, 1278px\" \/><\/a><\/p>\n","protected":false},"excerpt":{"rendered":"<p>Pulsadores para m\u00e1quinas y salas de orde\u00f1o Disponemos de un amplio cat\u00e1logo de Pulsadores para maquinas y salas de orde\u00f1o, as\u00ed como todos sus repuestos y accesorios, consulte nuestro cat\u00e1logo.<\/p>\n","protected":false},"author":1,"featured_media":0,"parent":0,"menu_order":0,"comment_status":"closed","ping_status":"closed","template":"","meta":[],"_links":{"self":[{"href":"https:\/\/www.mayfra.es\/pro\/wp-json\/wp\/v2\/pages\/399"}],"collection":[{"href":"https:\/\/www.mayfra.es\/pro\/wp-json\/wp\/v2\/pages"}],"about":[{"href":"https:\/\/www.mayfra.es\/pro\/wp-json\/wp\/v2\/types\/page"}],"author":[{"embeddable":true,"href":"https:\/\/www.mayfra.es\/pro\/wp-json\/wp\/v2\/users\/1"}],"replies":[{"embeddable":true,"href":"https:\/\/www.mayfra.es\/pro\/wp-json\/wp\/v2\/comments?post=399"}],"version-history":[{"count":2,"href":"https:\/\/www.mayfra.es\/pro\/wp-json\/wp\/v2\/pages\/399\/revisions"}],"predecessor-version":[{"id":410,"href":"https:\/\/www.mayfra.es\/pro\/wp-json\/wp\/v2\/pages\/399\/revisions\/410"}],"wp:attachment":[{"href":"https:\/\/www.mayfra.es\/pro\/wp-json\/wp\/v2\/media?parent=399"}],"curies":[{"name":"wp","href":"https:\/\/api.w.org\/{rel}","templated":true}]}}