{"id":391,"date":"2015-11-26T12:18:11","date_gmt":"2015-11-26T12:18:11","guid":{"rendered":"http:\/\/www.mayfra.es\/pro\/?page_id=391"},"modified":"2015-11-26T12:18:17","modified_gmt":"2015-11-26T12:18:17","slug":"maquinas-de-ordeno-portatiles","status":"publish","type":"page","link":"https:\/\/www.mayfra.es\/pro\/maquinas-de-ordeno-portatiles\/","title":{"rendered":"M\u00e1quinas de Orde\u00f1o Port\u00e1tiles"},"content":{"rendered":"<p>Maquinas de Orde\u00f1o portatiles<br \/>\nDisponemos de un amplio cat\u00e1logo de M\u00e1quinas de Orde\u00f1o port\u00e1tiles as\u00ed como todos sus repuestos y accesorios, <span style=\"color: #ff0000;\"><a href=\"http:\/\/www.mayfra.es\/CATALOGO_MAYFRA.pdf\" target=\"_blank\">consulte nuestro cat\u00e1logo.<\/a><\/span><\/p>\n<p><a href=\"http:\/\/www.mayfra.es\/pro\/wp-content\/uploads\/2015\/11\/maquina_de_vacio_portatil_33_03.jpg\" rel=\"lightbox[391]\"><img decoding=\"async\" loading=\"lazy\" class=\"alignnone size-full wp-image-392\" src=\"http:\/\/www.mayfra.es\/pro\/wp-content\/uploads\/2015\/11\/maquina_de_vacio_portatil_33_03.jpg\" alt=\"maquina_de_vacio_portatil_33_03\" width=\"1180\" height=\"707\" srcset=\"https:\/\/www.mayfra.es\/pro\/wp-content\/uploads\/2015\/11\/maquina_de_vacio_portatil_33_03.jpg 1180w, https:\/\/www.mayfra.es\/pro\/wp-content\/uploads\/2015\/11\/maquina_de_vacio_portatil_33_03-300x180.jpg 300w, https:\/\/www.mayfra.es\/pro\/wp-content\/uploads\/2015\/11\/maquina_de_vacio_portatil_33_03-1024x614.jpg 1024w, https:\/\/www.mayfra.es\/pro\/wp-content\/uploads\/2015\/11\/maquina_de_vacio_portatil_33_03-676x405.jpg 676w\" sizes=\"(max-width: 1180px) 100vw, 1180px\" \/><\/a> <a href=\"http:\/\/www.mayfra.es\/pro\/wp-content\/uploads\/2015\/11\/maquina_de_vacio_portatil_33_06.jpg\" rel=\"lightbox[391]\"><img decoding=\"async\" loading=\"lazy\" class=\"alignnone size-full wp-image-393\" src=\"http:\/\/www.mayfra.es\/pro\/wp-content\/uploads\/2015\/11\/maquina_de_vacio_portatil_33_06.jpg\" alt=\"maquina_de_vacio_portatil_33_06\" width=\"1180\" height=\"771\" srcset=\"https:\/\/www.mayfra.es\/pro\/wp-content\/uploads\/2015\/11\/maquina_de_vacio_portatil_33_06.jpg 1180w, https:\/\/www.mayfra.es\/pro\/wp-content\/uploads\/2015\/11\/maquina_de_vacio_portatil_33_06-300x196.jpg 300w, https:\/\/www.mayfra.es\/pro\/wp-content\/uploads\/2015\/11\/maquina_de_vacio_portatil_33_06-1024x669.jpg 1024w, https:\/\/www.mayfra.es\/pro\/wp-content\/uploads\/2015\/11\/maquina_de_vacio_portatil_33_06-676x442.jpg 676w\" sizes=\"(max-width: 1180px) 100vw, 1180px\" \/><\/a> <a href=\"http:\/\/www.mayfra.es\/pro\/wp-content\/uploads\/2015\/11\/maquina_de_vacio_portatil_34_03.jpg\" rel=\"lightbox[391]\"><img decoding=\"async\" loading=\"lazy\" class=\"alignnone size-full wp-image-394\" src=\"http:\/\/www.mayfra.es\/pro\/wp-content\/uploads\/2015\/11\/maquina_de_vacio_portatil_34_03.jpg\" alt=\"maquina_de_vacio_portatil_34_03\" width=\"1214\" height=\"1538\" srcset=\"https:\/\/www.mayfra.es\/pro\/wp-content\/uploads\/2015\/11\/maquina_de_vacio_portatil_34_03.jpg 1214w, https:\/\/www.mayfra.es\/pro\/wp-content\/uploads\/2015\/11\/maquina_de_vacio_portatil_34_03-237x300.jpg 237w, https:\/\/www.mayfra.es\/pro\/wp-content\/uploads\/2015\/11\/maquina_de_vacio_portatil_34_03-808x1024.jpg 808w, https:\/\/www.mayfra.es\/pro\/wp-content\/uploads\/2015\/11\/maquina_de_vacio_portatil_34_03-676x856.jpg 676w\" sizes=\"(max-width: 1214px) 100vw, 1214px\" \/><\/a> <a href=\"http:\/\/www.mayfra.es\/pro\/wp-content\/uploads\/2015\/11\/maquina_de_vacio_portatil_35_03.jpg\" rel=\"lightbox[391]\"><img decoding=\"async\" loading=\"lazy\" class=\"alignnone size-full wp-image-395\" src=\"http:\/\/www.mayfra.es\/pro\/wp-content\/uploads\/2015\/11\/maquina_de_vacio_portatil_35_03.jpg\" alt=\"maquina_de_vacio_portatil_35_03\" width=\"1204\" height=\"719\" srcset=\"https:\/\/www.mayfra.es\/pro\/wp-content\/uploads\/2015\/11\/maquina_de_vacio_portatil_35_03.jpg 1204w, https:\/\/www.mayfra.es\/pro\/wp-content\/uploads\/2015\/11\/maquina_de_vacio_portatil_35_03-300x179.jpg 300w, https:\/\/www.mayfra.es\/pro\/wp-content\/uploads\/2015\/11\/maquina_de_vacio_portatil_35_03-1024x612.jpg 1024w, https:\/\/www.mayfra.es\/pro\/wp-content\/uploads\/2015\/11\/maquina_de_vacio_portatil_35_03-676x404.jpg 676w\" sizes=\"(max-width: 1204px) 100vw, 1204px\" \/><\/a> <a href=\"http:\/\/www.mayfra.es\/pro\/wp-content\/uploads\/2015\/11\/maquina_de_vacio_portatil_35_06.jpg\" rel=\"lightbox[391]\"><img decoding=\"async\" loading=\"lazy\" class=\"alignnone size-full wp-image-396\" src=\"http:\/\/www.mayfra.es\/pro\/wp-content\/uploads\/2015\/11\/maquina_de_vacio_portatil_35_06.jpg\" alt=\"maquina_de_vacio_portatil_35_06\" width=\"1204\" height=\"777\" srcset=\"https:\/\/www.mayfra.es\/pro\/wp-content\/uploads\/2015\/11\/maquina_de_vacio_portatil_35_06.jpg 1204w, https:\/\/www.mayfra.es\/pro\/wp-content\/uploads\/2015\/11\/maquina_de_vacio_portatil_35_06-300x194.jpg 300w, https:\/\/www.mayfra.es\/pro\/wp-content\/uploads\/2015\/11\/maquina_de_vacio_portatil_35_06-1024x661.jpg 1024w, https:\/\/www.mayfra.es\/pro\/wp-content\/uploads\/2015\/11\/maquina_de_vacio_portatil_35_06-676x436.jpg 676w\" sizes=\"(max-width: 1204px) 100vw, 1204px\" \/><\/a><\/p>\n","protected":false},"excerpt":{"rendered":"<p>Maquinas de Orde\u00f1o portatiles Disponemos de un amplio cat\u00e1logo de M\u00e1quinas de Orde\u00f1o port\u00e1tiles as\u00ed como todos sus repuestos y accesorios, consulte nuestro cat\u00e1logo.<\/p>\n","protected":false},"author":1,"featured_media":0,"parent":0,"menu_order":0,"comment_status":"closed","ping_status":"closed","template":"","meta":[],"_links":{"self":[{"href":"https:\/\/www.mayfra.es\/pro\/wp-json\/wp\/v2\/pages\/391"}],"collection":[{"href":"https:\/\/www.mayfra.es\/pro\/wp-json\/wp\/v2\/pages"}],"about":[{"href":"https:\/\/www.mayfra.es\/pro\/wp-json\/wp\/v2\/types\/page"}],"author":[{"embeddable":true,"href":"https:\/\/www.mayfra.es\/pro\/wp-json\/wp\/v2\/users\/1"}],"replies":[{"embeddable":true,"href":"https:\/\/www.mayfra.es\/pro\/wp-json\/wp\/v2\/comments?post=391"}],"version-history":[{"count":1,"href":"https:\/\/www.mayfra.es\/pro\/wp-json\/wp\/v2\/pages\/391\/revisions"}],"predecessor-version":[{"id":397,"href":"https:\/\/www.mayfra.es\/pro\/wp-json\/wp\/v2\/pages\/391\/revisions\/397"}],"wp:attachment":[{"href":"https:\/\/www.mayfra.es\/pro\/wp-json\/wp\/v2\/media?parent=391"}],"curies":[{"name":"wp","href":"https:\/\/api.w.org\/{rel}","templated":true}]}}