{"id":365,"date":"2015-11-26T11:52:06","date_gmt":"2015-11-26T11:52:06","guid":{"rendered":"http:\/\/www.mayfra.es\/pro\/?page_id=365"},"modified":"2015-11-26T12:05:25","modified_gmt":"2015-11-26T12:05:25","slug":"grupos-de-vacio","status":"publish","type":"page","link":"https:\/\/www.mayfra.es\/pro\/grupos-de-vacio\/","title":{"rendered":"Grupos de vac\u00edo"},"content":{"rendered":"<p>Grupos de vac\u00edo para salas de orde\u00f1o.<br \/>\nDisponemos de un amplio cat\u00e1logo de grupos de vac\u00edo para salas de orde\u00f1o,as\u00ed de como todos sus recambios y accesorios  <span style=\"color: #ff0000;\"><a href=\"http:\/\/www.mayfra.es\/CATALOGO_MAYFRA.pdf\" target=\"_blank\">consulte nuestro cat\u00e1logo.<\/a><\/span><\/p>\n<p><a href=\"http:\/\/www.mayfra.es\/pro\/wp-content\/uploads\/2015\/11\/grupos_de_vacio_31_081.jpg\" rel=\"lightbox[365]\"><img decoding=\"async\" loading=\"lazy\" class=\"alignnone size-full wp-image-380\" src=\"http:\/\/www.mayfra.es\/pro\/wp-content\/uploads\/2015\/11\/grupos_de_vacio_31_081.jpg\" alt=\"grupos_de_vacio_31_08\" width=\"1180\" height=\"544\" srcset=\"https:\/\/www.mayfra.es\/pro\/wp-content\/uploads\/2015\/11\/grupos_de_vacio_31_081.jpg 1180w, https:\/\/www.mayfra.es\/pro\/wp-content\/uploads\/2015\/11\/grupos_de_vacio_31_081-300x138.jpg 300w, https:\/\/www.mayfra.es\/pro\/wp-content\/uploads\/2015\/11\/grupos_de_vacio_31_081-1024x472.jpg 1024w, https:\/\/www.mayfra.es\/pro\/wp-content\/uploads\/2015\/11\/grupos_de_vacio_31_081-676x312.jpg 676w\" sizes=\"(max-width: 1180px) 100vw, 1180px\" \/><\/a> <a href=\"http:\/\/www.mayfra.es\/pro\/wp-content\/uploads\/2015\/11\/grupos_de_vacio_31_061.jpg\" rel=\"lightbox[365]\"><img decoding=\"async\" loading=\"lazy\" class=\"alignnone size-full wp-image-379\" src=\"http:\/\/www.mayfra.es\/pro\/wp-content\/uploads\/2015\/11\/grupos_de_vacio_31_061.jpg\" alt=\"grupos_de_vacio_31_06\" width=\"1180\" height=\"473\" srcset=\"https:\/\/www.mayfra.es\/pro\/wp-content\/uploads\/2015\/11\/grupos_de_vacio_31_061.jpg 1180w, https:\/\/www.mayfra.es\/pro\/wp-content\/uploads\/2015\/11\/grupos_de_vacio_31_061-300x120.jpg 300w, https:\/\/www.mayfra.es\/pro\/wp-content\/uploads\/2015\/11\/grupos_de_vacio_31_061-1024x410.jpg 1024w, https:\/\/www.mayfra.es\/pro\/wp-content\/uploads\/2015\/11\/grupos_de_vacio_31_061-676x271.jpg 676w\" sizes=\"(max-width: 1180px) 100vw, 1180px\" \/><\/a> <a href=\"http:\/\/www.mayfra.es\/pro\/wp-content\/uploads\/2015\/11\/grupos_de_vacio_31_031.jpg\" rel=\"lightbox[365]\"><img decoding=\"async\" loading=\"lazy\" class=\"alignnone size-full wp-image-378\" src=\"http:\/\/www.mayfra.es\/pro\/wp-content\/uploads\/2015\/11\/grupos_de_vacio_31_031.jpg\" alt=\"grupos_de_vacio_31_03\" width=\"1180\" height=\"456\" srcset=\"https:\/\/www.mayfra.es\/pro\/wp-content\/uploads\/2015\/11\/grupos_de_vacio_31_031.jpg 1180w, https:\/\/www.mayfra.es\/pro\/wp-content\/uploads\/2015\/11\/grupos_de_vacio_31_031-300x116.jpg 300w, https:\/\/www.mayfra.es\/pro\/wp-content\/uploads\/2015\/11\/grupos_de_vacio_31_031-1024x396.jpg 1024w, https:\/\/www.mayfra.es\/pro\/wp-content\/uploads\/2015\/11\/grupos_de_vacio_31_031-676x261.jpg 676w\" sizes=\"(max-width: 1180px) 100vw, 1180px\" \/><\/a> <a href=\"http:\/\/www.mayfra.es\/pro\/wp-content\/uploads\/2015\/11\/grupos_de_vacio_30_08.jpg\" rel=\"lightbox[365]\"><img decoding=\"async\" loading=\"lazy\" class=\"alignnone size-full wp-image-377\" src=\"http:\/\/www.mayfra.es\/pro\/wp-content\/uploads\/2015\/11\/grupos_de_vacio_30_08.jpg\" alt=\"grupos_de_vacio_30_08\" width=\"1182\" height=\"540\" srcset=\"https:\/\/www.mayfra.es\/pro\/wp-content\/uploads\/2015\/11\/grupos_de_vacio_30_08.jpg 1182w, https:\/\/www.mayfra.es\/pro\/wp-content\/uploads\/2015\/11\/grupos_de_vacio_30_08-300x137.jpg 300w, https:\/\/www.mayfra.es\/pro\/wp-content\/uploads\/2015\/11\/grupos_de_vacio_30_08-1024x468.jpg 1024w, https:\/\/www.mayfra.es\/pro\/wp-content\/uploads\/2015\/11\/grupos_de_vacio_30_08-676x309.jpg 676w\" sizes=\"(max-width: 1182px) 100vw, 1182px\" \/><\/a> <a href=\"http:\/\/www.mayfra.es\/pro\/wp-content\/uploads\/2015\/11\/grupos_de_vacio_30_06.jpg\" rel=\"lightbox[365]\"><img decoding=\"async\" loading=\"lazy\" class=\"alignnone size-full wp-image-376\" src=\"http:\/\/www.mayfra.es\/pro\/wp-content\/uploads\/2015\/11\/grupos_de_vacio_30_06.jpg\" alt=\"grupos_de_vacio_30_06\" width=\"1182\" height=\"477\" srcset=\"https:\/\/www.mayfra.es\/pro\/wp-content\/uploads\/2015\/11\/grupos_de_vacio_30_06.jpg 1182w, https:\/\/www.mayfra.es\/pro\/wp-content\/uploads\/2015\/11\/grupos_de_vacio_30_06-300x121.jpg 300w, https:\/\/www.mayfra.es\/pro\/wp-content\/uploads\/2015\/11\/grupos_de_vacio_30_06-1024x413.jpg 1024w, https:\/\/www.mayfra.es\/pro\/wp-content\/uploads\/2015\/11\/grupos_de_vacio_30_06-676x273.jpg 676w\" sizes=\"(max-width: 1182px) 100vw, 1182px\" \/><\/a> <a href=\"http:\/\/www.mayfra.es\/pro\/wp-content\/uploads\/2015\/11\/grupos_de_vacio_30_03.jpg\" rel=\"lightbox[365]\"><img decoding=\"async\" loading=\"lazy\" class=\"alignnone size-full wp-image-375\" src=\"http:\/\/www.mayfra.es\/pro\/wp-content\/uploads\/2015\/11\/grupos_de_vacio_30_03.jpg\" alt=\"grupos_de_vacio_30_03\" width=\"1182\" height=\"474\" srcset=\"https:\/\/www.mayfra.es\/pro\/wp-content\/uploads\/2015\/11\/grupos_de_vacio_30_03.jpg 1182w, https:\/\/www.mayfra.es\/pro\/wp-content\/uploads\/2015\/11\/grupos_de_vacio_30_03-300x120.jpg 300w, https:\/\/www.mayfra.es\/pro\/wp-content\/uploads\/2015\/11\/grupos_de_vacio_30_03-1024x411.jpg 1024w, https:\/\/www.mayfra.es\/pro\/wp-content\/uploads\/2015\/11\/grupos_de_vacio_30_03-676x271.jpg 676w\" sizes=\"(max-width: 1182px) 100vw, 1182px\" \/><\/a><\/p>\n","protected":false},"excerpt":{"rendered":"<p>Grupos de vac\u00edo para salas de orde\u00f1o. Disponemos de un amplio cat\u00e1logo de grupos de vac\u00edo para salas de orde\u00f1o,as\u00ed de como todos sus recambios y accesorios consulte nuestro cat\u00e1logo.<\/p>\n","protected":false},"author":1,"featured_media":0,"parent":0,"menu_order":0,"comment_status":"closed","ping_status":"closed","template":"","meta":[],"_links":{"self":[{"href":"https:\/\/www.mayfra.es\/pro\/wp-json\/wp\/v2\/pages\/365"}],"collection":[{"href":"https:\/\/www.mayfra.es\/pro\/wp-json\/wp\/v2\/pages"}],"about":[{"href":"https:\/\/www.mayfra.es\/pro\/wp-json\/wp\/v2\/types\/page"}],"author":[{"embeddable":true,"href":"https:\/\/www.mayfra.es\/pro\/wp-json\/wp\/v2\/users\/1"}],"replies":[{"embeddable":true,"href":"https:\/\/www.mayfra.es\/pro\/wp-json\/wp\/v2\/comments?post=365"}],"version-history":[{"count":6,"href":"https:\/\/www.mayfra.es\/pro\/wp-json\/wp\/v2\/pages\/365\/revisions"}],"predecessor-version":[{"id":389,"href":"https:\/\/www.mayfra.es\/pro\/wp-json\/wp\/v2\/pages\/365\/revisions\/389"}],"wp:attachment":[{"href":"https:\/\/www.mayfra.es\/pro\/wp-json\/wp\/v2\/media?parent=365"}],"curies":[{"name":"wp","href":"https:\/\/api.w.org\/{rel}","templated":true}]}}