{"id":348,"date":"2015-11-26T11:39:53","date_gmt":"2015-11-26T11:39:53","guid":{"rendered":"http:\/\/www.mayfra.es\/pro\/?page_id=348"},"modified":"2015-11-26T12:05:04","modified_gmt":"2015-11-26T12:05:04","slug":"bombas-de-vacio","status":"publish","type":"page","link":"https:\/\/www.mayfra.es\/pro\/bombas-de-vacio\/","title":{"rendered":"Bombas de vac\u00edo"},"content":{"rendered":"<p>Bombas de vac\u00edo para m\u00e1quinas de Orde\u00f1o<br \/>\nDisponemos de un amplio cat\u00e1logo de bombas de vac\u00edo para m\u00e1quinas de orde\u00f1o,  <span style=\"color: #ff0000;\"><a href=\"http:\/\/www.mayfra.es\/CATALOGO_MAYFRA.pdf\" target=\"_blank\">consulte nuestro cat\u00e1logo.<\/a><\/span><\/p>\n<p>&nbsp;<\/p>\n<p><a href=\"http:\/\/www.mayfra.es\/pro\/wp-content\/uploads\/2015\/11\/Bombas_de_vacio_14_031.jpg\" rel=\"lightbox[348]\"><img decoding=\"async\" loading=\"lazy\" class=\"alignnone size-full wp-image-355\" src=\"http:\/\/www.mayfra.es\/pro\/wp-content\/uploads\/2015\/11\/Bombas_de_vacio_14_031.jpg\" alt=\"Bombas_de_vacio_14_03\" width=\"1168\" height=\"486\" srcset=\"https:\/\/www.mayfra.es\/pro\/wp-content\/uploads\/2015\/11\/Bombas_de_vacio_14_031.jpg 1168w, https:\/\/www.mayfra.es\/pro\/wp-content\/uploads\/2015\/11\/Bombas_de_vacio_14_031-300x125.jpg 300w, https:\/\/www.mayfra.es\/pro\/wp-content\/uploads\/2015\/11\/Bombas_de_vacio_14_031-1024x426.jpg 1024w, https:\/\/www.mayfra.es\/pro\/wp-content\/uploads\/2015\/11\/Bombas_de_vacio_14_031-676x281.jpg 676w\" sizes=\"(max-width: 1168px) 100vw, 1168px\" \/><\/a> <a href=\"http:\/\/www.mayfra.es\/pro\/wp-content\/uploads\/2015\/11\/Bombas_de_vacio_14_061.jpg\" rel=\"lightbox[348]\"><img decoding=\"async\" loading=\"lazy\" class=\"alignnone size-full wp-image-356\" src=\"http:\/\/www.mayfra.es\/pro\/wp-content\/uploads\/2015\/11\/Bombas_de_vacio_14_061.jpg\" alt=\"Bombas_de_vacio_14_06\" width=\"1168\" height=\"521\" srcset=\"https:\/\/www.mayfra.es\/pro\/wp-content\/uploads\/2015\/11\/Bombas_de_vacio_14_061.jpg 1168w, https:\/\/www.mayfra.es\/pro\/wp-content\/uploads\/2015\/11\/Bombas_de_vacio_14_061-300x134.jpg 300w, https:\/\/www.mayfra.es\/pro\/wp-content\/uploads\/2015\/11\/Bombas_de_vacio_14_061-1024x457.jpg 1024w, https:\/\/www.mayfra.es\/pro\/wp-content\/uploads\/2015\/11\/Bombas_de_vacio_14_061-676x302.jpg 676w\" sizes=\"(max-width: 1168px) 100vw, 1168px\" \/><\/a> <a href=\"http:\/\/www.mayfra.es\/pro\/wp-content\/uploads\/2015\/11\/bombas_de_vacio_15_05.jpg\" rel=\"lightbox[348]\"><img decoding=\"async\" loading=\"lazy\" class=\"alignnone size-full wp-image-357\" src=\"http:\/\/www.mayfra.es\/pro\/wp-content\/uploads\/2015\/11\/bombas_de_vacio_15_05.jpg\" alt=\"bombas_de_vacio_15_05\" width=\"1168\" height=\"492\" srcset=\"https:\/\/www.mayfra.es\/pro\/wp-content\/uploads\/2015\/11\/bombas_de_vacio_15_05.jpg 1168w, https:\/\/www.mayfra.es\/pro\/wp-content\/uploads\/2015\/11\/bombas_de_vacio_15_05-300x126.jpg 300w, https:\/\/www.mayfra.es\/pro\/wp-content\/uploads\/2015\/11\/bombas_de_vacio_15_05-1024x431.jpg 1024w, https:\/\/www.mayfra.es\/pro\/wp-content\/uploads\/2015\/11\/bombas_de_vacio_15_05-676x285.jpg 676w\" sizes=\"(max-width: 1168px) 100vw, 1168px\" \/><\/a> <a href=\"http:\/\/www.mayfra.es\/pro\/wp-content\/uploads\/2015\/11\/bombas_de_vacio_15_07.jpg\" rel=\"lightbox[348]\"><img decoding=\"async\" loading=\"lazy\" class=\"alignnone size-full wp-image-358\" src=\"http:\/\/www.mayfra.es\/pro\/wp-content\/uploads\/2015\/11\/bombas_de_vacio_15_07.jpg\" alt=\"bombas_de_vacio_15_07\" width=\"1168\" height=\"693\" srcset=\"https:\/\/www.mayfra.es\/pro\/wp-content\/uploads\/2015\/11\/bombas_de_vacio_15_07.jpg 1168w, https:\/\/www.mayfra.es\/pro\/wp-content\/uploads\/2015\/11\/bombas_de_vacio_15_07-300x178.jpg 300w, https:\/\/www.mayfra.es\/pro\/wp-content\/uploads\/2015\/11\/bombas_de_vacio_15_07-1024x608.jpg 1024w, https:\/\/www.mayfra.es\/pro\/wp-content\/uploads\/2015\/11\/bombas_de_vacio_15_07-676x401.jpg 676w\" sizes=\"(max-width: 1168px) 100vw, 1168px\" \/><\/a> <a href=\"http:\/\/www.mayfra.es\/pro\/wp-content\/uploads\/2015\/11\/Bombas_de_vacio_16_05.jpg\" rel=\"lightbox[348]\"><img decoding=\"async\" loading=\"lazy\" class=\"alignnone size-full wp-image-359\" src=\"http:\/\/www.mayfra.es\/pro\/wp-content\/uploads\/2015\/11\/Bombas_de_vacio_16_05.jpg\" alt=\"Bombas_de_vacio_16_05\" width=\"1168\" height=\"586\" srcset=\"https:\/\/www.mayfra.es\/pro\/wp-content\/uploads\/2015\/11\/Bombas_de_vacio_16_05.jpg 1168w, https:\/\/www.mayfra.es\/pro\/wp-content\/uploads\/2015\/11\/Bombas_de_vacio_16_05-300x151.jpg 300w, https:\/\/www.mayfra.es\/pro\/wp-content\/uploads\/2015\/11\/Bombas_de_vacio_16_05-1024x514.jpg 1024w, https:\/\/www.mayfra.es\/pro\/wp-content\/uploads\/2015\/11\/Bombas_de_vacio_16_05-676x339.jpg 676w\" sizes=\"(max-width: 1168px) 100vw, 1168px\" \/><\/a> <a href=\"http:\/\/www.mayfra.es\/pro\/wp-content\/uploads\/2015\/11\/bombas_de_vacio_17_021.jpg\" rel=\"lightbox[348]\"><img decoding=\"async\" loading=\"lazy\" class=\"alignnone size-full wp-image-360\" src=\"http:\/\/www.mayfra.es\/pro\/wp-content\/uploads\/2015\/11\/bombas_de_vacio_17_021.jpg\" alt=\"bombas_de_vacio_17_02\" width=\"1280\" height=\"1093\" srcset=\"https:\/\/www.mayfra.es\/pro\/wp-content\/uploads\/2015\/11\/bombas_de_vacio_17_021.jpg 1280w, https:\/\/www.mayfra.es\/pro\/wp-content\/uploads\/2015\/11\/bombas_de_vacio_17_021-300x256.jpg 300w, https:\/\/www.mayfra.es\/pro\/wp-content\/uploads\/2015\/11\/bombas_de_vacio_17_021-1024x874.jpg 1024w, https:\/\/www.mayfra.es\/pro\/wp-content\/uploads\/2015\/11\/bombas_de_vacio_17_021-676x577.jpg 676w\" sizes=\"(max-width: 1280px) 100vw, 1280px\" \/><\/a><\/p>\n","protected":false},"excerpt":{"rendered":"<p>Bombas de vac\u00edo para m\u00e1quinas de Orde\u00f1o Disponemos de un amplio cat\u00e1logo de bombas de vac\u00edo para m\u00e1quinas de orde\u00f1o, consulte nuestro cat\u00e1logo. &nbsp;<\/p>\n","protected":false},"author":1,"featured_media":0,"parent":0,"menu_order":0,"comment_status":"closed","ping_status":"closed","template":"","meta":[],"_links":{"self":[{"href":"https:\/\/www.mayfra.es\/pro\/wp-json\/wp\/v2\/pages\/348"}],"collection":[{"href":"https:\/\/www.mayfra.es\/pro\/wp-json\/wp\/v2\/pages"}],"about":[{"href":"https:\/\/www.mayfra.es\/pro\/wp-json\/wp\/v2\/types\/page"}],"author":[{"embeddable":true,"href":"https:\/\/www.mayfra.es\/pro\/wp-json\/wp\/v2\/users\/1"}],"replies":[{"embeddable":true,"href":"https:\/\/www.mayfra.es\/pro\/wp-json\/wp\/v2\/comments?post=348"}],"version-history":[{"count":4,"href":"https:\/\/www.mayfra.es\/pro\/wp-json\/wp\/v2\/pages\/348\/revisions"}],"predecessor-version":[{"id":388,"href":"https:\/\/www.mayfra.es\/pro\/wp-json\/wp\/v2\/pages\/348\/revisions\/388"}],"wp:attachment":[{"href":"https:\/\/www.mayfra.es\/pro\/wp-json\/wp\/v2\/media?parent=348"}],"curies":[{"name":"wp","href":"https:\/\/api.w.org\/{rel}","templated":true}]}}