{"id":2,"date":"2014-02-13T00:17:02","date_gmt":"2014-02-13T00:17:02","guid":{"rendered":"http:\/\/mayfra.es\/pro\/?page_id=2"},"modified":"2023-05-23T17:56:17","modified_gmt":"2023-05-23T17:56:17","slug":"nosotros","status":"publish","type":"page","link":"https:\/\/www.mayfra.es\/pro\/","title":{"rendered":"Componentes de Orde\u00f1o Mayfra"},"content":{"rendered":"<p style=\"text-align: center;\">YA DISPONIBLE NUESTRO NUEVO CAT\u00c1LOGO<\/p>\n<p style=\"text-align: center;\">(<span style=\"color: #ff0000;\"> Sea paciente, la descarga puede demorar unos minutos debido al tama\u00f1o de nuestro cat\u00e1logo<\/span> )<\/p>\n<p style=\"text-align: center;\"><a href=\"https:\/\/mayfra.es\/mayfra2023.pdf\" target=\"_blank\" rel=\"noopener\"><img decoding=\"async\" loading=\"lazy\" class=\"alignnone wp-image-595 size-medium\" src=\"https:\/\/www.mayfra.es\/pro\/wp-content\/uploads\/2023\/05\/catalogo2023-223x300.jpg\" alt=\"\" width=\"223\" height=\"300\" srcset=\"https:\/\/www.mayfra.es\/pro\/wp-content\/uploads\/2023\/05\/catalogo2023-223x300.jpg 223w, https:\/\/www.mayfra.es\/pro\/wp-content\/uploads\/2023\/05\/catalogo2023-760x1024.jpg 760w, https:\/\/www.mayfra.es\/pro\/wp-content\/uploads\/2023\/05\/catalogo2023-768x1035.jpg 768w, https:\/\/www.mayfra.es\/pro\/wp-content\/uploads\/2023\/05\/catalogo2023-1140x1536.jpg 1140w, https:\/\/www.mayfra.es\/pro\/wp-content\/uploads\/2023\/05\/catalogo2023-676x911.jpg 676w, https:\/\/www.mayfra.es\/pro\/wp-content\/uploads\/2023\/05\/catalogo2023.jpg 1280w\" sizes=\"(max-width: 223px) 100vw, 223px\" \/><\/a><\/p>\n<p style=\"text-align: justify;\">Componentes Mayfra es una empresa creada en 1999 y dedicada a la fabricaci\u00f3n y distribuci\u00f3n de recambio y accesorios para el orde\u00f1o mec\u00e1nico, de vacas, ovino, caprino.<br \/>\nComponentes Mayfra distribuye sus productos en toda Europa a trav\u00e9s de distribuidores y mayoristas del sector.<br \/>\nEn nuestro cat\u00e1logo podr\u00e1n encontrar los productos y recambios que cualquier profesional del sector del orde\u00f1o puede necesitar para dar servicio de mantenimiento a sus ganaderos.<br \/>\nPara ello disponemos de una amplia gama de recambios compatibles a las diversas marcas , a\u00f1adiendo un servicio r\u00e1pido y econ\u00f3mico para que su instalaci\u00f3n de orde\u00f1o tenga su recambio en el tiempo m\u00ednimo y con unas calidades m\u00e1ximas.<br \/>\nHemos desarrollado t\u00e9cnicas de inyecci\u00f3n de silicona, pl\u00e1stico y goma que har\u00e1n posible precios y calidades excepcionales para este sector.<br \/>\nPara la fabricaci\u00f3n utilizamos las t\u00e9cnicas mas avanzadas en inyecci\u00f3n de silicona, inyecci\u00f3n de pl\u00e1stico e inyecci\u00f3n de termopl\u00e1stico por lo que nuestros productos son de alta calidad.<\/p>\n<p>&nbsp;<\/p>\n<div id=\"attachment_564\" style=\"width: 310px\" class=\"wp-caption alignleft\"><img aria-describedby=\"caption-attachment-564\" decoding=\"async\" loading=\"lazy\" class=\"wp-image-564 size-medium\" src=\"http:\/\/www.mayfra.es\/pro\/wp-content\/uploads\/2014\/02\/123-300x151.jpeg\" alt=\"Novedad 2017\" width=\"300\" height=\"151\" srcset=\"https:\/\/www.mayfra.es\/pro\/wp-content\/uploads\/2014\/02\/123-300x151.jpeg 300w, https:\/\/www.mayfra.es\/pro\/wp-content\/uploads\/2014\/02\/123-768x386.jpeg 768w, https:\/\/www.mayfra.es\/pro\/wp-content\/uploads\/2014\/02\/123-1024x515.jpeg 1024w, https:\/\/www.mayfra.es\/pro\/wp-content\/uploads\/2014\/02\/123-676x340.jpeg 676w, https:\/\/www.mayfra.es\/pro\/wp-content\/uploads\/2014\/02\/123.jpeg 1562w\" sizes=\"(max-width: 300px) 100vw, 300px\" \/><p id=\"caption-attachment-564\" class=\"wp-caption-text\">Novedad 2017<\/p><\/div>\n<p>&nbsp;<\/p>\n<p style=\"text-align: justify;\">Componentes Mayfra dispone de un amplio almac\u00e9n para servir nuestras referencias con la m\u00e1xima rapidez<\/p>\n<p>&nbsp;<\/p>\n<p>&nbsp;<\/p>\n<p>&nbsp;<\/p>\n<blockquote>\n<p style=\"text-align: center;\">En nuestro cat\u00e1logo encontrar\u00e1 accesorios y recambios compatibles para las diferentes marcas de orde\u00f1o.<\/p>\n<p style=\"text-align: center;\">\u00a0<img decoding=\"async\" loading=\"lazy\" class=\"alignnone size-full wp-image-541\" src=\"http:\/\/www.mayfra.es\/pro\/wp-content\/uploads\/2014\/02\/BANNER_WEB.jpg\" alt=\"BANNER_WEB\" width=\"7393\" height=\"1783\" srcset=\"https:\/\/www.mayfra.es\/pro\/wp-content\/uploads\/2014\/02\/BANNER_WEB.jpg 7393w, https:\/\/www.mayfra.es\/pro\/wp-content\/uploads\/2014\/02\/BANNER_WEB-300x72.jpg 300w, https:\/\/www.mayfra.es\/pro\/wp-content\/uploads\/2014\/02\/BANNER_WEB-768x185.jpg 768w, https:\/\/www.mayfra.es\/pro\/wp-content\/uploads\/2014\/02\/BANNER_WEB-1024x247.jpg 1024w, https:\/\/www.mayfra.es\/pro\/wp-content\/uploads\/2014\/02\/BANNER_WEB-676x163.jpg 676w\" sizes=\"(max-width: 7393px) 100vw, 7393px\" \/><\/p>\n<\/blockquote>\n","protected":false},"excerpt":{"rendered":"<p>YA DISPONIBLE NUESTRO NUEVO CAT\u00c1LOGO ( Sea paciente, la descarga puede demorar unos minutos debido al tama\u00f1o de nuestro cat\u00e1logo ) Componentes Mayfra es una empresa creada en 1999 y dedicada a la fabricaci\u00f3n y distribuci\u00f3n de recambio y accesorios para el orde\u00f1o mec\u00e1nico, de vacas, ovino, caprino. Componentes Mayfra distribuye sus productos en toda [&hellip;]<\/p>\n","protected":false},"author":1,"featured_media":0,"parent":0,"menu_order":0,"comment_status":"closed","ping_status":"open","template":"template-fullwidth.php","meta":[],"_links":{"self":[{"href":"https:\/\/www.mayfra.es\/pro\/wp-json\/wp\/v2\/pages\/2"}],"collection":[{"href":"https:\/\/www.mayfra.es\/pro\/wp-json\/wp\/v2\/pages"}],"about":[{"href":"https:\/\/www.mayfra.es\/pro\/wp-json\/wp\/v2\/types\/page"}],"author":[{"embeddable":true,"href":"https:\/\/www.mayfra.es\/pro\/wp-json\/wp\/v2\/users\/1"}],"replies":[{"embeddable":true,"href":"https:\/\/www.mayfra.es\/pro\/wp-json\/wp\/v2\/comments?post=2"}],"version-history":[{"count":47,"href":"https:\/\/www.mayfra.es\/pro\/wp-json\/wp\/v2\/pages\/2\/revisions"}],"predecessor-version":[{"id":598,"href":"https:\/\/www.mayfra.es\/pro\/wp-json\/wp\/v2\/pages\/2\/revisions\/598"}],"wp:attachment":[{"href":"https:\/\/www.mayfra.es\/pro\/wp-json\/wp\/v2\/media?parent=2"}],"curies":[{"name":"wp","href":"https:\/\/api.w.org\/{rel}","templated":true}]}}