{"id":183,"date":"2015-10-28T18:23:00","date_gmt":"2015-10-28T18:23:00","guid":{"rendered":"http:\/\/www.mayfra.es\/pro\/?page_id=183"},"modified":"2016-12-27T16:16:41","modified_gmt":"2016-12-27T16:16:41","slug":"pezonera-silicona","status":"publish","type":"page","link":"https:\/\/www.mayfra.es\/pro\/pezonera-silicona\/","title":{"rendered":"Pezoneras silicona"},"content":{"rendered":"<p>La Pezonera definitiva:<\/p>\n<p style=\"text-align: justify;\">\n<p style=\"text-align: justify;\">Descubre la nueva tecnolog\u00eda del sistema de inyecci\u00f3n de silicona.\u00a0La nueva tecnolog\u00eda de pezonera\u00a0 le permite \u00a0a la pezonera un uso por mas tiempo que cualquier otra del mercado. Esta Tecnolog\u00eda de inyecci\u00f3n de silicona es el fruto de a\u00f1os de experiencia en el sector de orde\u00f1o.<\/p>\n<p style=\"text-align: justify;\"><!--:--><!--:es-->Descubre la nueva tecnolog\u00eda del sistema de inyecci\u00f3n de silicona .\u00a0La nueva tecnolog\u00eda de pezonera le permite \u00a0a la pezonera un uso por mas tiempo que cualquier otra del mercado. Esta Tecnolog\u00eda de inyecci\u00f3n de silicona es el fruto de a\u00f1os de experiencia en el sector del orde\u00f1o.<\/p>\n<h3>M\u00c1S ORDE\u00d1OS, M\u00c1S CALIDAD&#8230;M\u00c1S AHORRO<\/h3>\n<p>&nbsp;<\/p>\n<p>&nbsp;<\/p>\n<h5 style=\"text-align: center;\"><a href=\"http:\/\/www.mayfra.es\/pro\/wp-content\/uploads\/2015\/10\/011.jpg\" rel=\"lightbox[183]\"><img decoding=\"async\" loading=\"lazy\" class=\"alignnone size-full wp-image-247\" src=\"http:\/\/www.mayfra.es\/pro\/wp-content\/uploads\/2015\/10\/011.jpg\" alt=\"01\" width=\"1100\" height=\"200\" srcset=\"https:\/\/www.mayfra.es\/pro\/wp-content\/uploads\/2015\/10\/011.jpg 1100w, https:\/\/www.mayfra.es\/pro\/wp-content\/uploads\/2015\/10\/011-300x55.jpg 300w, https:\/\/www.mayfra.es\/pro\/wp-content\/uploads\/2015\/10\/011-1024x186.jpg 1024w, https:\/\/www.mayfra.es\/pro\/wp-content\/uploads\/2015\/10\/011-676x123.jpg 676w\" sizes=\"(max-width: 1100px) 100vw, 1100px\" \/><\/a> <a href=\"http:\/\/www.mayfra.es\/pro\/wp-content\/uploads\/2015\/10\/021.jpg\" rel=\"lightbox[183]\"><img decoding=\"async\" loading=\"lazy\" class=\"alignnone size-full wp-image-248\" src=\"http:\/\/www.mayfra.es\/pro\/wp-content\/uploads\/2015\/10\/021.jpg\" alt=\"02\" width=\"1100\" height=\"200\" srcset=\"https:\/\/www.mayfra.es\/pro\/wp-content\/uploads\/2015\/10\/021.jpg 1100w, https:\/\/www.mayfra.es\/pro\/wp-content\/uploads\/2015\/10\/021-300x55.jpg 300w, https:\/\/www.mayfra.es\/pro\/wp-content\/uploads\/2015\/10\/021-1024x186.jpg 1024w, https:\/\/www.mayfra.es\/pro\/wp-content\/uploads\/2015\/10\/021-676x123.jpg 676w\" sizes=\"(max-width: 1100px) 100vw, 1100px\" \/><\/a> <a href=\"http:\/\/www.mayfra.es\/pro\/wp-content\/uploads\/2015\/10\/031.jpg\" rel=\"lightbox[183]\"><img decoding=\"async\" loading=\"lazy\" class=\"alignnone size-full wp-image-249\" src=\"http:\/\/www.mayfra.es\/pro\/wp-content\/uploads\/2015\/10\/031.jpg\" alt=\"03\" width=\"1100\" height=\"200\" srcset=\"https:\/\/www.mayfra.es\/pro\/wp-content\/uploads\/2015\/10\/031.jpg 1100w, https:\/\/www.mayfra.es\/pro\/wp-content\/uploads\/2015\/10\/031-300x55.jpg 300w, https:\/\/www.mayfra.es\/pro\/wp-content\/uploads\/2015\/10\/031-1024x186.jpg 1024w, https:\/\/www.mayfra.es\/pro\/wp-content\/uploads\/2015\/10\/031-676x123.jpg 676w\" sizes=\"(max-width: 1100px) 100vw, 1100px\" \/><\/a> <a href=\"http:\/\/www.mayfra.es\/pro\/wp-content\/uploads\/2015\/10\/041.jpg\" rel=\"lightbox[183]\"><img decoding=\"async\" loading=\"lazy\" class=\"alignnone size-full wp-image-250\" src=\"http:\/\/www.mayfra.es\/pro\/wp-content\/uploads\/2015\/10\/041.jpg\" alt=\"04\" width=\"1100\" height=\"200\" srcset=\"https:\/\/www.mayfra.es\/pro\/wp-content\/uploads\/2015\/10\/041.jpg 1100w, https:\/\/www.mayfra.es\/pro\/wp-content\/uploads\/2015\/10\/041-300x55.jpg 300w, https:\/\/www.mayfra.es\/pro\/wp-content\/uploads\/2015\/10\/041-1024x186.jpg 1024w, https:\/\/www.mayfra.es\/pro\/wp-content\/uploads\/2015\/10\/041-676x123.jpg 676w\" sizes=\"(max-width: 1100px) 100vw, 1100px\" \/><\/a> <a href=\"http:\/\/www.mayfra.es\/pro\/wp-content\/uploads\/2015\/10\/051.jpg\" rel=\"lightbox[183]\"><img decoding=\"async\" loading=\"lazy\" class=\"alignnone size-full wp-image-251\" src=\"http:\/\/www.mayfra.es\/pro\/wp-content\/uploads\/2015\/10\/051.jpg\" alt=\"05\" width=\"1100\" height=\"200\" srcset=\"https:\/\/www.mayfra.es\/pro\/wp-content\/uploads\/2015\/10\/051.jpg 1100w, https:\/\/www.mayfra.es\/pro\/wp-content\/uploads\/2015\/10\/051-300x55.jpg 300w, https:\/\/www.mayfra.es\/pro\/wp-content\/uploads\/2015\/10\/051-1024x186.jpg 1024w, https:\/\/www.mayfra.es\/pro\/wp-content\/uploads\/2015\/10\/051-676x123.jpg 676w\" sizes=\"(max-width: 1100px) 100vw, 1100px\" \/><\/a> <a href=\"http:\/\/www.mayfra.es\/pro\/wp-content\/uploads\/2015\/10\/061.jpg\" rel=\"lightbox[183]\"><img decoding=\"async\" loading=\"lazy\" class=\"alignnone size-full wp-image-252\" src=\"http:\/\/www.mayfra.es\/pro\/wp-content\/uploads\/2015\/10\/061.jpg\" alt=\"06\" width=\"1100\" height=\"200\" srcset=\"https:\/\/www.mayfra.es\/pro\/wp-content\/uploads\/2015\/10\/061.jpg 1100w, https:\/\/www.mayfra.es\/pro\/wp-content\/uploads\/2015\/10\/061-300x55.jpg 300w, https:\/\/www.mayfra.es\/pro\/wp-content\/uploads\/2015\/10\/061-1024x186.jpg 1024w, https:\/\/www.mayfra.es\/pro\/wp-content\/uploads\/2015\/10\/061-676x123.jpg 676w\" sizes=\"(max-width: 1100px) 100vw, 1100px\" \/><\/a> <a href=\"http:\/\/www.mayfra.es\/pro\/wp-content\/uploads\/2015\/10\/071.jpg\" rel=\"lightbox[183]\"><img decoding=\"async\" loading=\"lazy\" class=\"alignnone size-full wp-image-253\" src=\"http:\/\/www.mayfra.es\/pro\/wp-content\/uploads\/2015\/10\/071.jpg\" alt=\"07\" width=\"1100\" height=\"200\" srcset=\"https:\/\/www.mayfra.es\/pro\/wp-content\/uploads\/2015\/10\/071.jpg 1100w, https:\/\/www.mayfra.es\/pro\/wp-content\/uploads\/2015\/10\/071-300x55.jpg 300w, https:\/\/www.mayfra.es\/pro\/wp-content\/uploads\/2015\/10\/071-1024x186.jpg 1024w, https:\/\/www.mayfra.es\/pro\/wp-content\/uploads\/2015\/10\/071-676x123.jpg 676w\" sizes=\"(max-width: 1100px) 100vw, 1100px\" \/><\/a> <a href=\"http:\/\/www.mayfra.es\/pro\/wp-content\/uploads\/2015\/10\/081.jpg\" rel=\"lightbox[183]\"><img decoding=\"async\" loading=\"lazy\" class=\"alignnone size-full wp-image-254\" src=\"http:\/\/www.mayfra.es\/pro\/wp-content\/uploads\/2015\/10\/081.jpg\" alt=\"08\" width=\"1100\" height=\"200\" srcset=\"https:\/\/www.mayfra.es\/pro\/wp-content\/uploads\/2015\/10\/081.jpg 1100w, https:\/\/www.mayfra.es\/pro\/wp-content\/uploads\/2015\/10\/081-300x55.jpg 300w, https:\/\/www.mayfra.es\/pro\/wp-content\/uploads\/2015\/10\/081-1024x186.jpg 1024w, https:\/\/www.mayfra.es\/pro\/wp-content\/uploads\/2015\/10\/081-676x123.jpg 676w\" sizes=\"(max-width: 1100px) 100vw, 1100px\" \/><\/a><\/h5>\n<h5 style=\"text-align: center;\"><\/h5>\n<h5 style=\"text-align: center;\">Para consultar todos nuestros productos<\/h5>\n<h5 style=\"text-align: center;\"><a href=\"http:\/\/www.mayfra.es\/CATALOGO_MAYFRA.pdf\" target=\"_blank\">Desc\u00e1rga nuestro cat\u00e1logo completo<\/a><\/h5>\n","protected":false},"excerpt":{"rendered":"<p>La Pezonera definitiva: Descubre la nueva tecnolog\u00eda del sistema de inyecci\u00f3n de silicona.\u00a0La nueva tecnolog\u00eda de pezonera\u00a0 le permite \u00a0a la pezonera un uso por mas tiempo que cualquier otra del mercado. Esta Tecnolog\u00eda de inyecci\u00f3n de silicona es el fruto de a\u00f1os de experiencia en el sector de orde\u00f1o. Descubre la nueva tecnolog\u00eda del [&hellip;]<\/p>\n","protected":false},"author":1,"featured_media":0,"parent":0,"menu_order":0,"comment_status":"closed","ping_status":"closed","template":"","meta":[],"_links":{"self":[{"href":"https:\/\/www.mayfra.es\/pro\/wp-json\/wp\/v2\/pages\/183"}],"collection":[{"href":"https:\/\/www.mayfra.es\/pro\/wp-json\/wp\/v2\/pages"}],"about":[{"href":"https:\/\/www.mayfra.es\/pro\/wp-json\/wp\/v2\/types\/page"}],"author":[{"embeddable":true,"href":"https:\/\/www.mayfra.es\/pro\/wp-json\/wp\/v2\/users\/1"}],"replies":[{"embeddable":true,"href":"https:\/\/www.mayfra.es\/pro\/wp-json\/wp\/v2\/comments?post=183"}],"version-history":[{"count":16,"href":"https:\/\/www.mayfra.es\/pro\/wp-json\/wp\/v2\/pages\/183\/revisions"}],"predecessor-version":[{"id":549,"href":"https:\/\/www.mayfra.es\/pro\/wp-json\/wp\/v2\/pages\/183\/revisions\/549"}],"wp:attachment":[{"href":"https:\/\/www.mayfra.es\/pro\/wp-json\/wp\/v2\/media?parent=183"}],"curies":[{"name":"wp","href":"https:\/\/api.w.org\/{rel}","templated":true}]}}