{"id":149,"date":"2014-03-18T16:32:30","date_gmt":"2014-03-18T16:32:30","guid":{"rendered":"http:\/\/www.mayfra.es\/pro\/?page_id=149"},"modified":"2015-10-29T11:50:29","modified_gmt":"2015-10-29T11:50:29","slug":"aviso-legal","status":"publish","type":"page","link":"https:\/\/www.mayfra.es\/pro\/aviso-legal\/","title":{"rendered":"Aviso Legal"},"content":{"rendered":"<p style=\"text-align: justify;\"><!--:en-->COMPONENTES MAYFRA, S.L. &#8211; CIF B24415739<br \/>\nPol\u00edgono Industrial de Valdelafuente, Ctra. Madrid Km. 321,7. Valdelafuente, Espa\u00f1a<br \/>\n<strong>Tel\u00e9fono 987 25 65 98. Fax 987 25 54 99. E-mail info@mayfra.es<\/strong><\/p>\n<p style=\"text-align: justify;\"><strong>CONDICIONES GENERALES DE USO<\/strong><\/p>\n<p style=\"text-align: justify;\"><strong>Contenido<\/strong>. La presente p\u00e1gina Web tiene por objeto permitir el acceso al usuario a los servicios que ofrece la empresa.<br \/>\nAlgunos de estos servicios se rigen por unas condiciones de uso espec\u00edficas. En tales casos, esas condiciones especiales ser\u00e1n de aplicaci\u00f3n preferente. No obstante, las normas generales aqu\u00ed establecidas deber\u00e1n acatarse igualmente.<br \/>\nTanto el acceso a \u00e9sta p\u00e1gina Web, como el uso que pueda hacerse de la informaci\u00f3n y contenidos incluidos en la misma o accesibles desde ella, ser\u00e1 de la exclusiva responsabilidad de quien lo realice, sin que COMPONENTES MAYFRA, S.L. pueda tener responsabilidad alguna por dichos usos.<br \/>\nCOMPONENTES MAYFRA, S.L. se reserva el derecho de modificar las condiciones legales que se exponen en este documento sin previo aviso.<\/p>\n<p style=\"text-align: justify;\"><strong>Enlaces externos<\/strong>. El propietario del sitio web no se hace responsable de aquellos otros sitios web u archivos a los que sea posible acceder a trav\u00e9s de enlaces de hipertexto (links) disponibles entre sus contenidos, dado que dichas p\u00e1ginas enlazadas son responsabilidad de sus respectivos titulares. Esta p\u00e1gina, por tanto, ni aprueba, ni hace suyos los productos, servicios, contenidos, informaci\u00f3n, datos, archivos y cualquier clase de material existente en tales p\u00e1ginas web o archivos y no controla ni se hace responsable de la calidad, licitud, fiabilidad y utilidad de la informaci\u00f3n contenidos y servicios existentes en los sitios enlazados y que son ajenos a esta p\u00e1gina.<br \/>\nEn el caso de que se estime oportuno o de que un \u00f3rgano competente declare la ilicitud de los datos, ordenado su retirada o que se imposibilite el acceso a los mismos, o se hubiera declarado la existencia de la lesi\u00f3n, y se nos haya notificado expresamente la correspondiente resoluci\u00f3n, los enlaces que se indiquen ser\u00edan inmediatamente retirados.<\/p>\n<p style=\"text-align: justify;\"><strong>Uso de la Web<\/strong>. El Usuario se compromete a hacer un uso adecuado y l\u00edcito del sitio web y de los Contenidos, de conformidad con la Legislaci\u00f3n aplicable, las presentes Condiciones Generales de Uso del sitio web, la moral y buenas costumbres generalmente aceptadas y el orden p\u00fablico, obligandose a indemnizar a COMPONENTES MAYFRA, S.L. por cualquier da\u00f1o o perjuicio que pudiera ocasionar por el uso de esta web, infringiendo estas condiciones generales y\/o la legalidad vigente. El Usuario deber\u00e1 abstenerse de:<br \/>\nI. Hacer un uso no autorizado o fraudulento del website y\/o de los Contenidos con fines o efectos il\u00edcitos.<br \/>\nII. Acceder o intentar acceder a recursos o \u00e1reas restringidas del website, sin cumplir las condiciones exigidas para dicho acceso.<br \/>\nIII. Introducir o difundir en la red virus inform\u00e1ticos o cualesquiera otros sistemas f\u00edsicos o l\u00f3gicos que sean susceptibles de provocar da\u00f1os en los sistemas f\u00edsicos o l\u00f3gicos del propietario del dominio, de sus proveedores o de terceros.<br \/>\nIV. Intentar acceder, utilizar y\/o manipular los datos del propietario del dominio, terceros proveedores y otros usuarios.<br \/>\nV. Suprimir, ocultar o manipular las notas sobre derechos de propiedad intelectual o industrial y dem\u00e1s datos identificativos de los derechos del titular del website o de terceros incorporados a los Contenidos, as\u00ed como los dispositivos t\u00e9cnicos de protecci\u00f3n o cualesquiera mecanismos de informaci\u00f3n que puedan insertarse en los Contenidos.<br \/>\nVI. Obtener e intentar obtener los Contenidos empleando para ello medios o procedimientos distintos de los que, seg\u00fan los casos, se hayan puesto a su disposici\u00f3n a este efecto o se hayan indicado expresamente en las p\u00e1ginas web donde se encuentren los Contenidos o, en general, de los que se empleen habitualmente en Internet por no entra\u00f1ar un riesgo de da\u00f1o o inutilizaci\u00f3n del Website y\/o de los Contenidos.<br \/>\nVII. En particular, el Usuario se compromete a no transmitir, difundir o poner a disposici\u00f3n de personas menores de edad, informaciones, datos, contenidos, mensajes, gr\u00e1ficos, dibujos, archivos de sonido y\/o imagen, fotograf\u00edas, grabaciones, software y, en general, cualquier clase de material disponible en el website.<\/p>\n<p style=\"text-align: justify;\"><strong>Propiedad intelectual<\/strong>. El contenido accesible podr\u00e1 ser tanto propio, estando protegido por la normativa espa\u00f1ola sobre propiedad intelectual encontr\u00e1ndose todos los derechos reservados, como ajeno, en cuyo caso, proceden de servidores p\u00fablicos y su utilizaci\u00f3n no implica violaci\u00f3n alguna de los derechos de propiedad intelectual. No obstante, si consideras o tienes conocimiento de que los mismos violan derechos de propiedad intelectual, te rogamos nos lo comuniques lo antes posible en la direcci\u00f3n info@mayfra.es.<\/p>\n<p style=\"text-align: justify;\"><strong>Legislaci\u00f3n y Jurisdicci\u00f3n aplicable<\/strong>. Las condiciones generales expuestas en este documento se rigen por la ley espa\u00f1ola. Las partes, con renuncia expresa a cualquier otro fuero, se someten al de los Juzgados y Tribunales de la ciudad de Le\u00f3n, Espa\u00f1a, para la resoluci\u00f3n de cualquier controversia o disputa legal que eventualmente pudiera presentarse.<!--:--><!--:es-->COMPONENTES MAYFRA, S.L. &#8211; CIF B24415739<br \/>\nPol\u00edgono Industrial de Valdelafuente, Ctra. Madrid Km. 321,7. Valdelafuente, Espa\u00f1a<br \/>\n<strong>Tel\u00e9fono 987 25 65 98. Fax 987 25 54 99. E-mail info@mayfra.es<\/strong><\/p>\n<p style=\"text-align: justify;\"><strong>CONDICIONES GENERALES DE USO<\/strong><\/p>\n<p style=\"text-align: justify;\"><strong>Contenido<\/strong>. La presente p\u00e1gina Web tiene por objeto permitir el acceso al usuario a los servicios que ofrece la empresa.<br \/>\nAlgunos de estos servicios se rigen por unas condiciones de uso espec\u00edficas. En tales casos, esas condiciones especiales ser\u00e1n de aplicaci\u00f3n preferente. No obstante, las normas generales aqu\u00ed establecidas deber\u00e1n acatarse igualmente.<br \/>\nTanto el acceso a \u00e9sta p\u00e1gina Web, como el uso que pueda hacerse de la informaci\u00f3n y contenidos incluidos en la misma o accesibles desde ella, ser\u00e1 de la exclusiva responsabilidad de quien lo realice, sin que COMPONENTES MAYFRA, S.L. pueda tener responsabilidad alguna por dichos usos.<br \/>\nCOMPONENTES MAYFRA, S.L. se reserva el derecho de modificar las condiciones legales que se exponen en este documento sin previo aviso.<\/p>\n<p style=\"text-align: justify;\"><strong>Enlaces externos<\/strong>. El propietario del sitio web no se hace responsable de aquellos otros sitios web u archivos a los que sea posible acceder a trav\u00e9s de enlaces de hipertexto (links) disponibles entre sus contenidos, dado que dichas p\u00e1ginas enlazadas son responsabilidad de sus respectivos titulares. Esta p\u00e1gina, por tanto, ni aprueba, ni hace suyos los productos, servicios, contenidos, informaci\u00f3n, datos, archivos y cualquier clase de material existente en tales p\u00e1ginas web o archivos y no controla ni se hace responsable de la calidad, licitud, fiabilidad y utilidad de la informaci\u00f3n contenidos y servicios existentes en los sitios enlazados y que son ajenos a esta p\u00e1gina.<br \/>\nEn el caso de que se estime oportuno o de que un \u00f3rgano competente declare la ilicitud de los datos, ordenado su retirada o que se imposibilite el acceso a los mismos, o se hubiera declarado la existencia de la lesi\u00f3n, y se nos haya notificado expresamente la correspondiente resoluci\u00f3n, los enlaces que se indiquen ser\u00edan inmediatamente retirados.<\/p>\n<p style=\"text-align: justify;\"><strong>Uso de la Web<\/strong>. El Usuario se compromete a hacer un uso adecuado y l\u00edcito del sitio web y de los Contenidos, de conformidad con la Legislaci\u00f3n aplicable, las presentes Condiciones Generales de Uso del sitio web, la moral y buenas costumbres generalmente aceptadas y el orden p\u00fablico, obligandose a indemnizar a COMPONENTES MAYFRA, S.L. por cualquier da\u00f1o o perjuicio que pudiera ocasionar por el uso de esta web, infringiendo estas condiciones generales y\/o la legalidad vigente. El Usuario deber\u00e1 abstenerse de:<br \/>\nI. Hacer un uso no autorizado o fraudulento del website y\/o de los Contenidos con fines o efectos il\u00edcitos.<br \/>\nII. Acceder o intentar acceder a recursos o \u00e1reas restringidas del website, sin cumplir las condiciones exigidas para dicho acceso.<br \/>\nIII. Introducir o difundir en la red virus inform\u00e1ticos o cualesquiera otros sistemas f\u00edsicos o l\u00f3gicos que sean susceptibles de provocar da\u00f1os en los sistemas f\u00edsicos o l\u00f3gicos del propietario del dominio, de sus proveedores o de terceros.<br \/>\nIV. Intentar acceder, utilizar y\/o manipular los datos del propietario del dominio, terceros proveedores y otros usuarios.<br \/>\nV. Suprimir, ocultar o manipular las notas sobre derechos de propiedad intelectual o industrial y dem\u00e1s datos identificativos de los derechos del titular del website o de terceros incorporados a los Contenidos, as\u00ed como los dispositivos t\u00e9cnicos de protecci\u00f3n o cualesquiera mecanismos de informaci\u00f3n que puedan insertarse en los Contenidos.<br \/>\nVI. Obtener e intentar obtener los Contenidos empleando para ello medios o procedimientos distintos de los que, seg\u00fan los casos, se hayan puesto a su disposici\u00f3n a este efecto o se hayan indicado expresamente en las p\u00e1ginas web donde se encuentren los Contenidos o, en general, de los que se empleen habitualmente en Internet por no entra\u00f1ar un riesgo de da\u00f1o o inutilizaci\u00f3n del Website y\/o de los Contenidos.<br \/>\nVII. En particular, el Usuario se compromete a no transmitir, difundir o poner a disposici\u00f3n de personas menores de edad, informaciones, datos, contenidos, mensajes, gr\u00e1ficos, dibujos, archivos de sonido y\/o imagen, fotograf\u00edas, grabaciones, software y, en general, cualquier clase de material disponible en el website.<\/p>\n<p style=\"text-align: justify;\"><strong>Propiedad intelectual<\/strong>. El contenido accesible podr\u00e1 ser tanto propio, estando protegido por la normativa espa\u00f1ola sobre propiedad intelectual encontr\u00e1ndose todos los derechos reservados, como ajeno, en cuyo caso, proceden de servidores p\u00fablicos y su utilizaci\u00f3n no implica violaci\u00f3n alguna de los derechos de propiedad intelectual. No obstante, si consideras o tienes conocimiento de que los mismos violan derechos de propiedad intelectual, te rogamos nos lo comuniques lo antes posible en la direcci\u00f3n info@mayfra.es.<\/p>\n<p style=\"text-align: justify;\"><strong>Legislaci\u00f3n y Jurisdicci\u00f3n aplicable<\/strong>. Las condiciones generales expuestas en este documento se rigen por la ley espa\u00f1ola. Las partes, con renuncia expresa a cualquier otro fuero, se someten al de los Juzgados y Tribunales de la ciudad de Le\u00f3n, Espa\u00f1a, para la resoluci\u00f3n de cualquier controversia o disputa legal que eventualmente pudiera presentarse.<!--:--><!--:fr-->COMPONENTES MAYFRA, S.L. &#8211; CIF B24415739<br \/>\nPol\u00edgono Industrial de Valdelafuente, Ctra. Madrid Km. 321,7. Valdelafuente, Espa\u00f1a<br \/>\n<strong>Tel\u00e9fono 987 25 65 98. Fax 987 25 54 99. E-mail info@mayfra.es<\/strong><\/p>\n<p style=\"text-align: justify;\"><strong>CONDICIONES GENERALES DE USO<\/strong><\/p>\n<p style=\"text-align: justify;\"><strong>Contenido<\/strong>. La presente p\u00e1gina Web tiene por objeto permitir el acceso al usuario a los servicios que ofrece la empresa.<br \/>\nAlgunos de estos servicios se rigen por unas condiciones de uso espec\u00edficas. En tales casos, esas condiciones especiales ser\u00e1n de aplicaci\u00f3n preferente. No obstante, las normas generales aqu\u00ed establecidas deber\u00e1n acatarse igualmente.<br \/>\nTanto el acceso a \u00e9sta p\u00e1gina Web, como el uso que pueda hacerse de la informaci\u00f3n y contenidos incluidos en la misma o accesibles desde ella, ser\u00e1 de la exclusiva responsabilidad de quien lo realice, sin que COMPONENTES MAYFRA, S.L. pueda tener responsabilidad alguna por dichos usos.<br \/>\nCOMPONENTES MAYFRA, S.L. se reserva el derecho de modificar las condiciones legales que se exponen en este documento sin previo aviso.<\/p>\n<p style=\"text-align: justify;\"><strong>Enlaces externos<\/strong>. El propietario del sitio web no se hace responsable de aquellos otros sitios web u archivos a los que sea posible acceder a trav\u00e9s de enlaces de hipertexto (links) disponibles entre sus contenidos, dado que dichas p\u00e1ginas enlazadas son responsabilidad de sus respectivos titulares. Esta p\u00e1gina, por tanto, ni aprueba, ni hace suyos los productos, servicios, contenidos, informaci\u00f3n, datos, archivos y cualquier clase de material existente en tales p\u00e1ginas web o archivos y no controla ni se hace responsable de la calidad, licitud, fiabilidad y utilidad de la informaci\u00f3n contenidos y servicios existentes en los sitios enlazados y que son ajenos a esta p\u00e1gina.<br \/>\nEn el caso de que se estime oportuno o de que un \u00f3rgano competente declare la ilicitud de los datos, ordenado su retirada o que se imposibilite el acceso a los mismos, o se hubiera declarado la existencia de la lesi\u00f3n, y se nos haya notificado expresamente la correspondiente resoluci\u00f3n, los enlaces que se indiquen ser\u00edan inmediatamente retirados.<\/p>\n<p style=\"text-align: justify;\"><strong>Uso de la Web<\/strong>. El Usuario se compromete a hacer un uso adecuado y l\u00edcito del sitio web y de los Contenidos, de conformidad con la Legislaci\u00f3n aplicable, las presentes Condiciones Generales de Uso del sitio web, la moral y buenas costumbres generalmente aceptadas y el orden p\u00fablico, obligandose a indemnizar a COMPONENTES MAYFRA, S.L. por cualquier da\u00f1o o perjuicio que pudiera ocasionar por el uso de esta web, infringiendo estas condiciones generales y\/o la legalidad vigente. El Usuario deber\u00e1 abstenerse de:<br \/>\nI. Hacer un uso no autorizado o fraudulento del website y\/o de los Contenidos con fines o efectos il\u00edcitos.<br \/>\nII. Acceder o intentar acceder a recursos o \u00e1reas restringidas del website, sin cumplir las condiciones exigidas para dicho acceso.<br \/>\nIII. Introducir o difundir en la red virus inform\u00e1ticos o cualesquiera otros sistemas f\u00edsicos o l\u00f3gicos que sean susceptibles de provocar da\u00f1os en los sistemas f\u00edsicos o l\u00f3gicos del propietario del dominio, de sus proveedores o de terceros.<br \/>\nIV. Intentar acceder, utilizar y\/o manipular los datos del propietario del dominio, terceros proveedores y otros usuarios.<br \/>\nV. Suprimir, ocultar o manipular las notas sobre derechos de propiedad intelectual o industrial y dem\u00e1s datos identificativos de los derechos del titular del website o de terceros incorporados a los Contenidos, as\u00ed como los dispositivos t\u00e9cnicos de protecci\u00f3n o cualesquiera mecanismos de informaci\u00f3n que puedan insertarse en los Contenidos.<br \/>\nVI. Obtener e intentar obtener los Contenidos empleando para ello medios o procedimientos distintos de los que, seg\u00fan los casos, se hayan puesto a su disposici\u00f3n a este efecto o se hayan indicado expresamente en las p\u00e1ginas web donde se encuentren los Contenidos o, en general, de los que se empleen habitualmente en Internet por no entra\u00f1ar un riesgo de da\u00f1o o inutilizaci\u00f3n del Website y\/o de los Contenidos.<br \/>\nVII. En particular, el Usuario se compromete a no transmitir, difundir o poner a disposici\u00f3n de personas menores de edad, informaciones, datos, contenidos, mensajes, gr\u00e1ficos, dibujos, archivos de sonido y\/o imagen, fotograf\u00edas, grabaciones, software y, en general, cualquier clase de material disponible en el website.<\/p>\n<p style=\"text-align: justify;\"><strong>Propiedad intelectual<\/strong>. El contenido accesible podr\u00e1 ser tanto propio, estando protegido por la normativa espa\u00f1ola sobre propiedad intelectual encontr\u00e1ndose todos los derechos reservados, como ajeno, en cuyo caso, proceden de servidores p\u00fablicos y su utilizaci\u00f3n no implica violaci\u00f3n alguna de los derechos de propiedad intelectual. No obstante, si consideras o tienes conocimiento de que los mismos violan derechos de propiedad intelectual, te rogamos nos lo comuniques lo antes posible en la direcci\u00f3n info@mayfra.es.<\/p>\n<p style=\"text-align: justify;\"><strong>Legislaci\u00f3n y Jurisdicci\u00f3n aplicable<\/strong>. Las condiciones generales expuestas en este documento se rigen por la ley espa\u00f1ola. Las partes, con renuncia expresa a cualquier otro fuero, se someten al de los Juzgados y Tribunales de la ciudad de Le\u00f3n, Espa\u00f1a, para la resoluci\u00f3n de cualquier controversia o disputa legal que eventualmente pudiera presentarse.<!--:--><\/p>\n","protected":false},"excerpt":{"rendered":"<p>COMPONENTES MAYFRA, S.L. &#8211; CIF B24415739 Pol\u00edgono Industrial de Valdelafuente, Ctra. Madrid Km. 321,7. Valdelafuente, Espa\u00f1a Tel\u00e9fono 987 25 65 98. Fax 987 25 54 99. E-mail info@mayfra.es CONDICIONES GENERALES DE USO Contenido. La presente p\u00e1gina Web tiene por objeto permitir el acceso al usuario a los servicios que ofrece la empresa. Algunos de estos [&hellip;]<\/p>\n","protected":false},"author":1,"featured_media":0,"parent":0,"menu_order":0,"comment_status":"closed","ping_status":"closed","template":"template-fullwidth.php","meta":[],"_links":{"self":[{"href":"https:\/\/www.mayfra.es\/pro\/wp-json\/wp\/v2\/pages\/149"}],"collection":[{"href":"https:\/\/www.mayfra.es\/pro\/wp-json\/wp\/v2\/pages"}],"about":[{"href":"https:\/\/www.mayfra.es\/pro\/wp-json\/wp\/v2\/types\/page"}],"author":[{"embeddable":true,"href":"https:\/\/www.mayfra.es\/pro\/wp-json\/wp\/v2\/users\/1"}],"replies":[{"embeddable":true,"href":"https:\/\/www.mayfra.es\/pro\/wp-json\/wp\/v2\/comments?post=149"}],"version-history":[{"count":4,"href":"https:\/\/www.mayfra.es\/pro\/wp-json\/wp\/v2\/pages\/149\/revisions"}],"predecessor-version":[{"id":222,"href":"https:\/\/www.mayfra.es\/pro\/wp-json\/wp\/v2\/pages\/149\/revisions\/222"}],"wp:attachment":[{"href":"https:\/\/www.mayfra.es\/pro\/wp-json\/wp\/v2\/media?parent=149"}],"curies":[{"name":"wp","href":"https:\/\/api.w.org\/{rel}","templated":true}]}}